{"id":3846,"date":"2023-06-22T14:35:12","date_gmt":"2023-06-22T11:35:12","guid":{"rendered":"https:\/\/muscalasvillaspaxos.com\/?page_id=3846"},"modified":"2023-07-26T21:58:04","modified_gmt":"2023-07-26T18:58:04","slug":"posizione","status":"publish","type":"page","link":"https:\/\/muscalasvillaspaxos.com\/it\/posizione\/","title":{"rendered":"Posizione"},"content":{"rendered":"\n<section class=\"mtv_hero_section \">\n  <div class=\"image_wrap\"><img decoding=\"async\" src=\"https:\/\/muscalasvillaspaxos.com\/app\/uploads\/2023\/06\/paxos-luxury-villas-muscalas-location-01.webp\" srcset=\"https:\/\/muscalasvillaspaxos.com\/app\/uploads\/2023\/06\/paxos-luxury-villas-muscalas-location-01.webp 1920w, https:\/\/muscalasvillaspaxos.com\/app\/uploads\/2023\/06\/paxos-luxury-villas-muscalas-location-01-300x169.webp 300w, https:\/\/muscalasvillaspaxos.com\/app\/uploads\/2023\/06\/paxos-luxury-villas-muscalas-location-01-1024x576.webp 1024w, https:\/\/muscalasvillaspaxos.com\/app\/uploads\/2023\/06\/paxos-luxury-villas-muscalas-location-01-768x432.webp 768w, https:\/\/muscalasvillaspaxos.com\/app\/uploads\/2023\/06\/paxos-luxury-villas-muscalas-location-01-1536x864.webp 1536w, https:\/\/muscalasvillaspaxos.com\/app\/uploads\/2023\/06\/paxos-luxury-villas-muscalas-location-01-600x338.webp 600w, https:\/\/muscalasvillaspaxos.com\/app\/uploads\/2023\/06\/paxos-luxury-villas-muscalas-location-01-900x506.webp 900w, https:\/\/muscalasvillaspaxos.com\/app\/uploads\/2023\/06\/paxos-luxury-villas-muscalas-location-01-1200x675.webp 1200w, https:\/\/muscalasvillaspaxos.com\/app\/uploads\/2023\/06\/paxos-luxury-villas-muscalas-location-01-1500x844.webp 1500w, https:\/\/muscalasvillaspaxos.com\/app\/uploads\/2023\/06\/paxos-luxury-villas-muscalas-location-01-1800x1013.webp 1800w\" alt=\"Location - Paxos Private Pool Villas\" style=\"0\" class=\"cover\" \/><\/div>  <div class=\"opacity\"><\/div>\n  \n<div class=\"content_wrap motivar_wrap\">\n      <div class=\"info_container\">\n        <div class=\"title\"><h1>LA POSIZIONE<\/h1>\n          <div class=\"mtv_breadcrumb\"><span><span><a href=\"https:\/\/muscalasvillaspaxos.com\/it\/\">Home<\/a><\/span><\/span><\/div>\n        <\/div>\n        <div class=\"mtv_share\">\n        <\/div>\n      <\/div>\n    <\/div>\n<div class=\"mtv_bottom_row\">\n <div class=\"mtv_bottom_wrap motivar_wrap\">\n  <div class=\"col_left\"><section id=\"block-3\" class=\"widget widget_block\"><p>\n  <div class=\"mtv_social\">\n      <a href=\"https:\/\/www.facebook.com\/VillasMuscalas\/\" target=\"_blank\">\n\t\t\t\t\t\t\t\t<span class=\"mtv_hidden\">social media facebook<\/span>\n\t\t\t\t\t\t\t\t<span class=\"icon fa-brands fa-facebook\"><\/span>\n      <\/a>\n      <a href=\"https:\/\/www.instagram.com\/villasmuscalas\/?hl=en\" target=\"_blank\">\n\t\t\t\t\t\t\t\t<span class=\"mtv_hidden\">social media instagram<\/span>\n\t\t\t\t\t\t\t\t<span class=\"icon fa-brands fa-instagram\"><\/span>\n      <\/a>\n      <a href=\"https:\/\/goo.gl\/maps\/jKEbehtYf1TSpQYu6\" target=\"_blank\">\n\t\t\t\t\t\t\t\t<span class=\"mtv_hidden\">social media google<\/span>\n\t\t\t\t\t\t\t\t<span class=\"icon fa-brands fa-google\"><\/span>\n      <\/a>\n      <a href=\"https:\/\/www.tripadvisor.com\/VacationRentalReview-g1402870-d10759550-Luxury_Private_Pool_Villa_in_Monodendri_Beach_Villas_Muscalas_Petra-Lakka_Paxos_Ioni.html\" target=\"_blank\">\n        <span class=\"icon mtv-icon-tripadvisor\"><\/span>\n      <\/a>\n  <\/div><\/p>\n<\/section>\n  <\/div>\n  <div class=\"col_center\">  <div class=\"icon mtv-icon-scroll-down\" onclick=\"mtv_scroll_to('#main_info', '0')\" style=\"cursor:pointer;\"><\/div>\n  <div class=\"scroll_text\" onclick=\"mtv_scroll_to('#main_info', '0')\" style=\"margin-top:10px; cursor:pointer;\">SCROLL DOWN<\/div>\n\n  <\/div>\n  <div class=\"col_right\">\n   <a href=\"tel:306971894822\" target=\"_blank\">\n    <span class=\"icon mtv-icon-telephone\"><\/span>\n    <span class=\"text\">+30 697 1894 822<\/span>\n   <\/a>\n  <\/div>\n <\/div>\n<\/div><\/section>\n\n\n\n<div class=\"wp-block-columns half_half motivar_wrap mtv_padding omega_info_section is-layout-flex wp-container-core-columns-is-layout-9d6595d7 wp-block-columns-is-layout-flex\" id=\"main_info\">\n<div class=\"wp-block-column col_left img_col reveal_text is-layout-flow wp-block-column-is-layout-flow\">\n<figure class=\"wp-block-image size-large\"><img loading=\"lazy\" decoding=\"async\" width=\"1024\" height=\"652\" src=\"https:\/\/muscalasvillaspaxos.com\/app\/uploads\/2023\/06\/paxos-luxury-villas-muscalas-location-03-1024x652.jpg\" alt=\"paxos luxury villas muscalas location 03\" class=\"wp-image-3690\" srcset=\"https:\/\/muscalasvillaspaxos.com\/app\/uploads\/2023\/06\/paxos-luxury-villas-muscalas-location-03-1024x652.jpg 1024w, https:\/\/muscalasvillaspaxos.com\/app\/uploads\/2023\/06\/paxos-luxury-villas-muscalas-location-03-300x191.jpg 300w, https:\/\/muscalasvillaspaxos.com\/app\/uploads\/2023\/06\/paxos-luxury-villas-muscalas-location-03-768x489.jpg 768w, https:\/\/muscalasvillaspaxos.com\/app\/uploads\/2023\/06\/paxos-luxury-villas-muscalas-location-03-1536x978.jpg 1536w, https:\/\/muscalasvillaspaxos.com\/app\/uploads\/2023\/06\/paxos-luxury-villas-muscalas-location-03-600x382.jpg 600w, https:\/\/muscalasvillaspaxos.com\/app\/uploads\/2023\/06\/paxos-luxury-villas-muscalas-location-03-900x573.jpg 900w, https:\/\/muscalasvillaspaxos.com\/app\/uploads\/2023\/06\/paxos-luxury-villas-muscalas-location-03-1200x764.jpg 1200w, https:\/\/muscalasvillaspaxos.com\/app\/uploads\/2023\/06\/paxos-luxury-villas-muscalas-location-03-1500x955.jpg 1500w, https:\/\/muscalasvillaspaxos.com\/app\/uploads\/2023\/06\/paxos-luxury-villas-muscalas-location-03-1800x1146.jpg 1800w, https:\/\/muscalasvillaspaxos.com\/app\/uploads\/2023\/06\/paxos-luxury-villas-muscalas-location-03.jpg 1900w\" sizes=\"auto, (max-width: 1024px) 100vw, 1024px\" \/><\/figure>\n<\/div>\n\n\n\n<div class=\"wp-block-column col_right text_col reveal_text is-layout-flow wp-block-column-is-layout-flow\">\n<p>Le Ville Muscalas sono incastonate in un ambiente sereno e pittoresco sull&#8217;incantevole isola di Paxos, in Grecia. Paxos \u00e8 una piccola gemma incontaminata nel Mar Ionio, rinomata per la sua natura intatta, i villaggi affascinanti e l&#8217;atmosfera tranquilla.<\/p>\n\n\n\n<p>Le ville sono strategicamente posizionate per offrire agli ospiti un rifugio tranquillo pur garantendo un comodo accesso alle attrazioni dell&#8217;isola. Circondate da una vegetazione lussureggiante e da uliveti, le Ville Muscalas offrono un senso di privacy e tranquillit\u00e0.<\/p>\n\n\n\n<p>La struttura si trova a breve distanza da Gaios, la principale cittadina e porto dell&#8217;isola. Gaios trasmette il fascino tradizionale greco con le sue stradine strette, le case colorate e il lungomare costellato di invitanti caff\u00e8 e taverne. Passeggiando per la citt\u00e0, i visitatori possono immergersi nella cultura locale e sperimentare l&#8217;ospitalit\u00e0 calorosa degli isolani.<\/p>\n<\/div>\n<\/div>\n\n\n\n<div class=\"wp-block-columns half_half motivar_wrap mini_padding omega_info_section is-layout-flex wp-container-core-columns-is-layout-9d6595d7 wp-block-columns-is-layout-flex\">\n<div class=\"wp-block-column col_left text_col reveal_text is-layout-flow wp-block-column-is-layout-flow\">\n<p>Dalle Ville Muscalas, gli ospiti possono facilmente esplorare le splendide spiagge dell&#8217;isola, conosciute per le loro acque turchesi cristalline e calette appartate. Alcune delle spiagge vicine includono Mongonissi, Lakka e Orkos Beach, ognuna delle quali offre un&#8217;esperienza costiera unica e incantevole.<\/p>\n\n\n\n<p>Per gli amanti della natura e gli appassionati di attivit\u00e0 all&#8217;aperto, Paxos offre una grande variet\u00e0 di sentieri panoramici, dove \u00e8 possibile passeggiare tra gli uliveti, ammirare panorami mozzafiato sul Mar Ionio e scoprire tesori nascosti come antichi ruderi e affascinanti cappelle.<\/p>\n\n\n\n<p>La posizione delle Ville Muscalas offre anche un eccellente punto di partenza per escursioni in barca all&#8217;isola vicina di Antipaxos, famosa per le sue spiagge sabbiose incontaminate e le acque cristalline ideali per lo snorkeling e le immersioni.<\/p>\n\n\n\n<p>Che tu preferisca rilassarti a bordo piscina, fare piacevoli passeggiate nella natura, esplorare i pittoreschi villaggi dell&#8217;isola o deliziarti con la deliziosa cucina locale, le Ville Muscalas offrono un rifugio tranquillo da cui vivere al meglio Paxos.<\/p>\n<\/div>\n\n\n\n<div class=\"wp-block-column col_right img_col reveal_text is-layout-flow wp-block-column-is-layout-flow\">\n<figure class=\"wp-block-image size-large\"><img loading=\"lazy\" decoding=\"async\" width=\"1024\" height=\"683\" src=\"https:\/\/muscalasvillaspaxos.com\/app\/uploads\/2023\/06\/paxos-luxury-villas-muscalas-location-02-1024x683.jpg\" alt=\"paxos luxury villas muscalas location 02\" class=\"wp-image-3688\" srcset=\"https:\/\/muscalasvillaspaxos.com\/app\/uploads\/2023\/06\/paxos-luxury-villas-muscalas-location-02-1024x683.jpg 1024w, https:\/\/muscalasvillaspaxos.com\/app\/uploads\/2023\/06\/paxos-luxury-villas-muscalas-location-02-300x200.jpg 300w, https:\/\/muscalasvillaspaxos.com\/app\/uploads\/2023\/06\/paxos-luxury-villas-muscalas-location-02-768x512.jpg 768w, https:\/\/muscalasvillaspaxos.com\/app\/uploads\/2023\/06\/paxos-luxury-villas-muscalas-location-02-600x400.jpg 600w, https:\/\/muscalasvillaspaxos.com\/app\/uploads\/2023\/06\/paxos-luxury-villas-muscalas-location-02-900x600.jpg 900w, https:\/\/muscalasvillaspaxos.com\/app\/uploads\/2023\/06\/paxos-luxury-villas-muscalas-location-02-1200x800.jpg 1200w, https:\/\/muscalasvillaspaxos.com\/app\/uploads\/2023\/06\/paxos-luxury-villas-muscalas-location-02.jpg 1275w\" sizes=\"auto, (max-width: 1024px) 100vw, 1024px\" \/><\/figure>\n<\/div>\n<\/div>\n","protected":false},"excerpt":{"rendered":"<p>Le Ville Muscalas sono incastonate in un ambiente sereno e pittoresco sull&#8217;incantevole isola di Paxos, in Grecia. Paxos \u00e8 una piccola gemma incontaminata nel Mar Ionio, rinomata per la sua natura intatta, i villaggi affascinanti e l&#8217;atmosfera tranquilla. Le ville sono strategicamente posizionate per offrire agli ospiti un rifugio tranquillo pur garantendo un comodo accesso [&hellip;]<\/p>\n","protected":false},"author":1,"featured_media":3679,"parent":0,"menu_order":0,"comment_status":"closed","ping_status":"closed","template":"","meta":{"footnotes":""},"class_list":["post-3846","page","type-page","status-publish","has-post-thumbnail","hentry"],"yoast_head":"<!-- This site is optimized with the Yoast SEO plugin v27.6 - https:\/\/yoast.com\/product\/yoast-seo-wordpress\/ -->\n<title>Posizione - Paxos Ville con piscina privata<\/title>\n<meta name=\"description\" content=\"Posizione - Ville con Piscina Privata a Paxos. Ville Muscalas si trova in un ambiente sereno e pittoresco sull&#039;incantevole isola di Paxos.\" \/>\n<meta name=\"robots\" content=\"index, follow, max-snippet:-1, max-image-preview:large, max-video-preview:-1\" \/>\n<link rel=\"canonical\" href=\"https:\/\/muscalasvillaspaxos.com\/it\/posizione\/\" \/>\n<meta property=\"og:locale\" content=\"it_IT\" \/>\n<meta property=\"og:type\" content=\"article\" \/>\n<meta property=\"og:title\" content=\"Posizione - Paxos Ville con piscina privata\" \/>\n<meta property=\"og:description\" content=\"Posizione - Ville con Piscina Privata a Paxos. Ville Muscalas si trova in un ambiente sereno e pittoresco sull&#039;incantevole isola di Paxos.\" \/>\n<meta property=\"og:url\" content=\"https:\/\/muscalasvillaspaxos.com\/it\/posizione\/\" \/>\n<meta property=\"og:site_name\" content=\"Paxos Ville con piscina privata\" \/>\n<meta property=\"article:publisher\" content=\"https:\/\/www.facebook.com\/VillasMuscalas\/\" \/>\n<meta property=\"article:modified_time\" content=\"2023-07-26T18:58:04+00:00\" \/>\n<meta property=\"og:image\" content=\"https:\/\/muscalasvillaspaxos.com\/app\/uploads\/2023\/06\/paxos-luxury-villas-muscalas-location-01.webp\" \/>\n\t<meta property=\"og:image:width\" content=\"1920\" \/>\n\t<meta property=\"og:image:height\" content=\"1080\" \/>\n\t<meta property=\"og:image:type\" content=\"image\/webp\" \/>\n<meta name=\"twitter:card\" content=\"summary_large_image\" \/>\n<meta name=\"twitter:label1\" content=\"Tempo di lettura stimato\" \/>\n\t<meta name=\"twitter:data1\" content=\"2 minutes\" \/>\n<script type=\"application\/ld+json\" class=\"yoast-schema-graph\">{\"@context\":\"https:\\\/\\\/schema.org\",\"@graph\":[{\"@type\":\"WebPage\",\"@id\":\"https:\\\/\\\/muscalasvillaspaxos.com\\\/it\\\/posizione\\\/\",\"url\":\"https:\\\/\\\/muscalasvillaspaxos.com\\\/it\\\/posizione\\\/\",\"name\":\"Posizione - Paxos Ville con piscina privata\",\"isPartOf\":{\"@id\":\"https:\\\/\\\/muscalasvillaspaxos.com\\\/it\\\/#website\"},\"primaryImageOfPage\":{\"@id\":\"https:\\\/\\\/muscalasvillaspaxos.com\\\/it\\\/posizione\\\/#primaryimage\"},\"image\":{\"@id\":\"https:\\\/\\\/muscalasvillaspaxos.com\\\/it\\\/posizione\\\/#primaryimage\"},\"thumbnailUrl\":\"https:\\\/\\\/muscalasvillaspaxos.com\\\/app\\\/uploads\\\/2023\\\/06\\\/paxos-luxury-villas-muscalas-location-01.webp\",\"datePublished\":\"2023-06-22T11:35:12+00:00\",\"dateModified\":\"2023-07-26T18:58:04+00:00\",\"description\":\"Posizione - Ville con Piscina Privata a Paxos. Ville Muscalas si trova in un ambiente sereno e pittoresco sull'incantevole isola di Paxos.\",\"breadcrumb\":{\"@id\":\"https:\\\/\\\/muscalasvillaspaxos.com\\\/it\\\/posizione\\\/#breadcrumb\"},\"inLanguage\":\"it-IT\",\"potentialAction\":[{\"@type\":\"ReadAction\",\"target\":[\"https:\\\/\\\/muscalasvillaspaxos.com\\\/it\\\/posizione\\\/\"]}]},{\"@type\":\"ImageObject\",\"inLanguage\":\"it-IT\",\"@id\":\"https:\\\/\\\/muscalasvillaspaxos.com\\\/it\\\/posizione\\\/#primaryimage\",\"url\":\"https:\\\/\\\/muscalasvillaspaxos.com\\\/app\\\/uploads\\\/2023\\\/06\\\/paxos-luxury-villas-muscalas-location-01.webp\",\"contentUrl\":\"https:\\\/\\\/muscalasvillaspaxos.com\\\/app\\\/uploads\\\/2023\\\/06\\\/paxos-luxury-villas-muscalas-location-01.webp\",\"width\":1920,\"height\":1080,\"caption\":\"Paxos Luxury Villas - Villas Muscalas - Location\"},{\"@type\":\"BreadcrumbList\",\"@id\":\"https:\\\/\\\/muscalasvillaspaxos.com\\\/it\\\/posizione\\\/#breadcrumb\",\"itemListElement\":[{\"@type\":\"ListItem\",\"position\":1,\"name\":\"Home\",\"item\":\"https:\\\/\\\/muscalasvillaspaxos.com\\\/it\\\/\"},{\"@type\":\"ListItem\",\"position\":2,\"name\":\"Posizione\"}]},{\"@type\":\"WebSite\",\"@id\":\"https:\\\/\\\/muscalasvillaspaxos.com\\\/it\\\/#website\",\"url\":\"https:\\\/\\\/muscalasvillaspaxos.com\\\/it\\\/\",\"name\":\"Paxos Private Pool Villas\",\"description\":\"Luxury Seaside Muscalas Villas\",\"potentialAction\":[{\"@type\":\"SearchAction\",\"target\":{\"@type\":\"EntryPoint\",\"urlTemplate\":\"https:\\\/\\\/muscalasvillaspaxos.com\\\/it\\\/?s={search_term_string}\"},\"query-input\":{\"@type\":\"PropertyValueSpecification\",\"valueRequired\":true,\"valueName\":\"search_term_string\"}}],\"inLanguage\":\"it-IT\"}]}<\/script>\n<!-- \/ Yoast SEO plugin. -->","yoast_head_json":{"title":"Posizione - Paxos Ville con piscina privata","description":"Posizione - Ville con Piscina Privata a Paxos. Ville Muscalas si trova in un ambiente sereno e pittoresco sull'incantevole isola di Paxos.","robots":{"index":"index","follow":"follow","max-snippet":"max-snippet:-1","max-image-preview":"max-image-preview:large","max-video-preview":"max-video-preview:-1"},"canonical":"https:\/\/muscalasvillaspaxos.com\/it\/posizione\/","og_locale":"it_IT","og_type":"article","og_title":"Posizione - Paxos Ville con piscina privata","og_description":"Posizione - Ville con Piscina Privata a Paxos. Ville Muscalas si trova in un ambiente sereno e pittoresco sull'incantevole isola di Paxos.","og_url":"https:\/\/muscalasvillaspaxos.com\/it\/posizione\/","og_site_name":"Paxos Ville con piscina privata","article_publisher":"https:\/\/www.facebook.com\/VillasMuscalas\/","article_modified_time":"2023-07-26T18:58:04+00:00","og_image":[{"width":1920,"height":1080,"url":"https:\/\/muscalasvillaspaxos.com\/app\/uploads\/2023\/06\/paxos-luxury-villas-muscalas-location-01.webp","type":"image\/webp"}],"twitter_card":"summary_large_image","twitter_misc":{"Tempo di lettura stimato":"2 minutes"},"schema":{"@context":"https:\/\/schema.org","@graph":[{"@type":"WebPage","@id":"https:\/\/muscalasvillaspaxos.com\/it\/posizione\/","url":"https:\/\/muscalasvillaspaxos.com\/it\/posizione\/","name":"Posizione - Paxos Ville con piscina privata","isPartOf":{"@id":"https:\/\/muscalasvillaspaxos.com\/it\/#website"},"primaryImageOfPage":{"@id":"https:\/\/muscalasvillaspaxos.com\/it\/posizione\/#primaryimage"},"image":{"@id":"https:\/\/muscalasvillaspaxos.com\/it\/posizione\/#primaryimage"},"thumbnailUrl":"https:\/\/muscalasvillaspaxos.com\/app\/uploads\/2023\/06\/paxos-luxury-villas-muscalas-location-01.webp","datePublished":"2023-06-22T11:35:12+00:00","dateModified":"2023-07-26T18:58:04+00:00","description":"Posizione - Ville con Piscina Privata a Paxos. Ville Muscalas si trova in un ambiente sereno e pittoresco sull'incantevole isola di Paxos.","breadcrumb":{"@id":"https:\/\/muscalasvillaspaxos.com\/it\/posizione\/#breadcrumb"},"inLanguage":"it-IT","potentialAction":[{"@type":"ReadAction","target":["https:\/\/muscalasvillaspaxos.com\/it\/posizione\/"]}]},{"@type":"ImageObject","inLanguage":"it-IT","@id":"https:\/\/muscalasvillaspaxos.com\/it\/posizione\/#primaryimage","url":"https:\/\/muscalasvillaspaxos.com\/app\/uploads\/2023\/06\/paxos-luxury-villas-muscalas-location-01.webp","contentUrl":"https:\/\/muscalasvillaspaxos.com\/app\/uploads\/2023\/06\/paxos-luxury-villas-muscalas-location-01.webp","width":1920,"height":1080,"caption":"Paxos Luxury Villas - Villas Muscalas - Location"},{"@type":"BreadcrumbList","@id":"https:\/\/muscalasvillaspaxos.com\/it\/posizione\/#breadcrumb","itemListElement":[{"@type":"ListItem","position":1,"name":"Home","item":"https:\/\/muscalasvillaspaxos.com\/it\/"},{"@type":"ListItem","position":2,"name":"Posizione"}]},{"@type":"WebSite","@id":"https:\/\/muscalasvillaspaxos.com\/it\/#website","url":"https:\/\/muscalasvillaspaxos.com\/it\/","name":"Paxos Private Pool Villas","description":"Luxury Seaside Muscalas Villas","potentialAction":[{"@type":"SearchAction","target":{"@type":"EntryPoint","urlTemplate":"https:\/\/muscalasvillaspaxos.com\/it\/?s={search_term_string}"},"query-input":{"@type":"PropertyValueSpecification","valueRequired":true,"valueName":"search_term_string"}}],"inLanguage":"it-IT"}]}},"_links":{"self":[{"href":"https:\/\/muscalasvillaspaxos.com\/it\/wp-json\/wp\/v2\/pages\/3846","targetHints":{"allow":["GET"]}}],"collection":[{"href":"https:\/\/muscalasvillaspaxos.com\/it\/wp-json\/wp\/v2\/pages"}],"about":[{"href":"https:\/\/muscalasvillaspaxos.com\/it\/wp-json\/wp\/v2\/types\/page"}],"author":[{"embeddable":true,"href":"https:\/\/muscalasvillaspaxos.com\/it\/wp-json\/wp\/v2\/users\/1"}],"replies":[{"embeddable":true,"href":"https:\/\/muscalasvillaspaxos.com\/it\/wp-json\/wp\/v2\/comments?post=3846"}],"version-history":[{"count":1,"href":"https:\/\/muscalasvillaspaxos.com\/it\/wp-json\/wp\/v2\/pages\/3846\/revisions"}],"predecessor-version":[{"id":3847,"href":"https:\/\/muscalasvillaspaxos.com\/it\/wp-json\/wp\/v2\/pages\/3846\/revisions\/3847"}],"wp:featuredmedia":[{"embeddable":true,"href":"https:\/\/muscalasvillaspaxos.com\/it\/wp-json\/wp\/v2\/media\/3679"}],"wp:attachment":[{"href":"https:\/\/muscalasvillaspaxos.com\/it\/wp-json\/wp\/v2\/media?parent=3846"}],"curies":[{"name":"wp","href":"https:\/\/api.w.org\/{rel}","templated":true}]}}