{"id":3848,"date":"2023-06-22T14:53:20","date_gmt":"2023-06-22T11:53:20","guid":{"rendered":"https:\/\/muscalasvillaspaxos.com\/?page_id=3848"},"modified":"2023-08-04T11:24:21","modified_gmt":"2023-08-04T08:24:21","slug":"recensioni-sulle-ville-vacanza-a-paxos","status":"publish","type":"page","link":"https:\/\/muscalasvillaspaxos.com\/it\/recensioni-sulle-ville-vacanza-a-paxos\/","title":{"rendered":"Ville a Paxos recensioni"},"content":{"rendered":"\n<section class=\"mtv_hero_section \">\n  <div class=\"image_wrap\"><img decoding=\"async\" src=\"https:\/\/muscalasvillaspaxos.com\/app\/uploads\/2023\/01\/paxos-luxury-villas-villa-elia-36.webp\" srcset=\"https:\/\/muscalasvillaspaxos.com\/app\/uploads\/2023\/01\/paxos-luxury-villas-villa-elia-36.webp 1200w, https:\/\/muscalasvillaspaxos.com\/app\/uploads\/2023\/01\/paxos-luxury-villas-villa-elia-36-300x200.webp 300w, https:\/\/muscalasvillaspaxos.com\/app\/uploads\/2023\/01\/paxos-luxury-villas-villa-elia-36-1024x683.webp 1024w, https:\/\/muscalasvillaspaxos.com\/app\/uploads\/2023\/01\/paxos-luxury-villas-villa-elia-36-768x512.webp 768w, https:\/\/muscalasvillaspaxos.com\/app\/uploads\/2023\/01\/paxos-luxury-villas-villa-elia-36-600x400.webp 600w, https:\/\/muscalasvillaspaxos.com\/app\/uploads\/2023\/01\/paxos-luxury-villas-villa-elia-36-900x600.webp 900w\" alt=\"paxos luxury villas villa elia 36\" style=\"0\" class=\"cover\" \/><\/div>  <div class=\"opacity\"><\/div>\n  \n<div class=\"content_wrap motivar_wrap\">\n      <div class=\"info_container\">\n        <div class=\"title\"><h1>Ville a Paxos recensioni<\/h1>\n          <div class=\"mtv_breadcrumb\"><span><span><a href=\"https:\/\/muscalasvillaspaxos.com\/it\/\">Home<\/a><\/span><\/span><\/div>\n        <\/div>\n        <div class=\"mtv_share\">\n        <\/div>\n      <\/div>\n    <\/div>\n<div class=\"mtv_bottom_row\">\n <div class=\"mtv_bottom_wrap motivar_wrap\">\n  <div class=\"col_left\"><section id=\"block-3\" class=\"widget widget_block\"><p>\n  <div class=\"mtv_social\">\n      <a href=\"https:\/\/www.facebook.com\/VillasMuscalas\/\" target=\"_blank\">\n\t\t\t\t\t\t\t\t<span class=\"mtv_hidden\">social media facebook<\/span>\n\t\t\t\t\t\t\t\t<span class=\"icon fa-brands fa-facebook\"><\/span>\n      <\/a>\n      <a href=\"https:\/\/www.instagram.com\/villasmuscalas\/?hl=en\" target=\"_blank\">\n\t\t\t\t\t\t\t\t<span class=\"mtv_hidden\">social media instagram<\/span>\n\t\t\t\t\t\t\t\t<span class=\"icon fa-brands fa-instagram\"><\/span>\n      <\/a>\n      <a href=\"https:\/\/goo.gl\/maps\/jKEbehtYf1TSpQYu6\" target=\"_blank\">\n\t\t\t\t\t\t\t\t<span class=\"mtv_hidden\">social media google<\/span>\n\t\t\t\t\t\t\t\t<span class=\"icon fa-brands fa-google\"><\/span>\n      <\/a>\n      <a href=\"https:\/\/www.tripadvisor.com\/VacationRentalReview-g1402870-d10759550-Luxury_Private_Pool_Villa_in_Monodendri_Beach_Villas_Muscalas_Petra-Lakka_Paxos_Ioni.html\" target=\"_blank\">\n        <span class=\"icon mtv-icon-tripadvisor\"><\/span>\n      <\/a>\n  <\/div><\/p>\n<\/section>\n  <\/div>\n  <div class=\"col_center\">  <div class=\"icon mtv-icon-scroll-down\" onclick=\"mtv_scroll_to('#main_info', '0')\" style=\"cursor:pointer;\"><\/div>\n  <div class=\"scroll_text\" onclick=\"mtv_scroll_to('#main_info', '0')\" style=\"margin-top:10px; cursor:pointer;\">SCROLL DOWN<\/div>\n\n  <\/div>\n  <div class=\"col_right\">\n   <a href=\"tel:306971894822\" target=\"_blank\">\n    <span class=\"icon mtv-icon-telephone\"><\/span>\n    <span class=\"text\">+30 697 1894 822<\/span>\n   <\/a>\n  <\/div>\n <\/div>\n<\/div><\/section>\n\n\n\n<div class=\"wp-block-columns half_half motivar_wrap mtv_padding omega_info_section is-layout-flex wp-container-core-columns-is-layout-9d6595d7 wp-block-columns-is-layout-flex\" id=\"main_info\">\n<div class=\"wp-block-column col_right text_col reveal_text is-layout-flow wp-block-column-is-layout-flow\">\n<h4 class=\"wp-block-heading\">Davvero apprezzato ogni giorno al sole<\/h4>\n\n\n\n<p class=\"has-vivid-cyan-blue-color has-text-color\"><em>Chris &#8211; United Kingdom<\/em><\/p>\n\n\n\n<p><strong>Consiglieresti la struttura in cui hai soggiornato a parenti o amici?<\/strong><\/p>\n\n\n\n<p class=\"has-vivid-cyan-blue-color has-text-color\"><em>Si<\/em><\/p>\n\n\n\n<p><strong>Per favore, valuta lo standard di pulizia all&#8217;arrivo.<\/strong><\/p>\n\n\n\n<p class=\"has-vivid-cyan-blue-color has-text-color\"><em><em>Eccellente<\/em><\/em><\/p>\n\n\n\n<p><strong><strong>Per favore, valuta il comfort dei letti nella struttura.<\/strong><\/strong><\/p>\n\n\n\n<p class=\"has-vivid-cyan-blue-color has-text-color\"><em><em>Eccellente<\/em><\/em><\/p>\n\n\n\n<p><strong>Nel complesso, come valuteresti la tua vacanza?<\/strong><\/p>\n\n\n\n<p class=\"has-vivid-cyan-blue-color has-text-color\"><em><em>Eccellente<\/em><\/em><\/p>\n\n\n\n<p><strong>Esperienza complessiva<\/strong><\/p>\n\n\n\n<p class=\"has-vivid-cyan-blue-color has-text-color\"><em>Fine stagione. Bello e tranquillo, ma ancora cose da fare. Abbiamo davvero apprezzato ogni giorno al sole. L&#8217;hotel boutique (sulla strada per Lakka) ha offerto un pasto eccezionale. &#8220;Esclusivo&#8221; non \u00e8 sufficiente per descriverlo. Vasilis a Loggos ci ha regalato il miglior pasto. Siate gentili con i gatti. Abbiamo noleggiato una bicicletta, un ottimo modo per esplorare. Grande consenso anche alla taverna al tramonto. Un&#8217;isola magnifica. Torneremo.<\/em><\/p>\n<\/div>\n<\/div>\n\n\n\n<div class=\"wp-block-columns half_half motivar_wrap mtv_padding omega_info_section is-layout-flex wp-container-core-columns-is-layout-9d6595d7 wp-block-columns-is-layout-flex\">\n<div class=\"wp-block-column col_right text_col reveal_text is-layout-flow wp-block-column-is-layout-flow\">\n<h4 class=\"wp-block-heading\">Perfetto per le famiglie &#8211; Avevamo tutto ci\u00f2 di cui avevamo bisogno.<\/h4>\n\n\n\n<p class=\"has-vivid-cyan-blue-color has-text-color\"><em><em>Davies M &#8211; United Kingdom<\/em><\/em><\/p>\n\n\n\n<p><strong>Consiglieresti la struttura in cui hai soggiornato a parenti o amici?<\/strong><\/p>\n\n\n\n<p class=\"has-vivid-cyan-blue-color has-text-color\"><em><em>Si<\/em><\/em><\/p>\n\n\n\n<p><strong>Per favore, valuta lo standard di pulizia all&#8217;arrivo.<\/strong><\/p>\n\n\n\n<p class=\"has-vivid-cyan-blue-color has-text-color\"><em><em><em><em>Eccellente<\/em><\/em><\/em><\/em><\/p>\n\n\n\n<p><strong>Per favore, valuta il comfort dei letti nella struttura.<\/strong><\/p>\n\n\n\n<p class=\"has-vivid-cyan-blue-color has-text-color\"><em><em><em><em>Eccellente<\/em><\/em><\/em><\/em><\/p>\n\n\n\n<p><strong>Nel complesso, come valuteresti la tua vacanza?<\/strong><\/p>\n\n\n\n<p class=\"has-vivid-cyan-blue-color has-text-color\"><em><em><em><em>Eccellente<\/em><\/em><\/em><\/em><\/p>\n\n\n\n<p><strong>Esperienza complessiva<\/strong><\/p>\n\n\n\n<p class=\"has-vivid-cyan-blue-color has-text-color\"><em>Un soggiorno meraviglioso in questa villa ben arredata. Perfetta per le famiglie, avevamo tutto ci\u00f2 di cui avevamo bisogno. La villa \u00e8 rifinita in modo impeccabile, siamo rimasti molto colpiti. Abbiamo gi\u00e0 prenotato per l&#8217;anno prossimo. Paxos \u00e8 meravigliosa come sempre, anche alla nostra settima visita. Grazie per un soggiorno meraviglioso.<\/em><\/p>\n<\/div>\n<\/div>\n\n\n\n<div class=\"wp-block-columns half_half motivar_wrap mtv_padding omega_info_section is-layout-flex wp-container-core-columns-is-layout-9d6595d7 wp-block-columns-is-layout-flex\">\n<div class=\"wp-block-column col_right text_col reveal_text is-layout-flow wp-block-column-is-layout-flow\">\n<h4 class=\"wp-block-heading\">\u00c8 un luogo molto speciale!<\/h4>\n\n\n\n<p class=\"has-vivid-cyan-blue-color has-text-color\"><em><em><em>Horkins L. &#8211; United Kingdom<\/em><\/em><\/em><\/p>\n\n\n\n<p><strong>Consiglieresti la struttura in cui hai soggiornato a parenti o amici?<\/strong><\/p>\n\n\n\n<p class=\"has-vivid-cyan-blue-color has-text-color\"><em><em>Si<\/em><\/em><\/p>\n\n\n\n<p><strong>Per favore, valuta lo standard di pulizia all&#8217;arrivo.<\/strong><\/p>\n\n\n\n<p class=\"has-vivid-cyan-blue-color has-text-color\"><em><em><em><em>Eccellente<\/em><\/em><\/em><\/em><\/p>\n\n\n\n<p><strong>Per favore, valuta il comfort dei letti nella struttura.<\/strong><\/p>\n\n\n\n<p class=\"has-vivid-cyan-blue-color has-text-color\"><em><em><em><em>Eccellente<\/em><\/em><\/em><\/em><\/p>\n\n\n\n<p><strong>Nel complesso, come valuteresti la tua vacanza?<\/strong><\/p>\n\n\n\n<p class=\"has-vivid-cyan-blue-color has-text-color\"><em><em><em><em>Eccellente<\/em><\/em><\/em><\/em><\/p>\n\n\n\n<p><strong>Esperienza complessiva<\/strong><\/p>\n\n\n\n<p class=\"has-vivid-cyan-blue-color has-text-color\"><em>Grazie per una vacanza molto bella. \u00c8 un luogo molto speciale e una villa bellissima.<\/em><\/p>\n<\/div>\n<\/div>\n\n\n\n<div class=\"wp-block-columns half_half motivar_wrap mtv_padding omega_info_section is-layout-flex wp-container-core-columns-is-layout-9d6595d7 wp-block-columns-is-layout-flex\">\n<div class=\"wp-block-column col_right text_col reveal_text is-layout-flow wp-block-column-is-layout-flow\">\n<h4 class=\"wp-block-heading\">Che fantastica coppia di ville! Due settimane di paradiso!<\/h4>\n\n\n\n<p class=\"has-vivid-cyan-blue-color has-text-color\"><em><em><em><em>Andrew J &#8211; United Kingdom<\/em><\/em><\/em><\/em><\/p>\n\n\n\n<p><strong>Consiglieresti la struttura in cui hai soggiornato a parenti o amici?<\/strong><\/p>\n\n\n\n<p class=\"has-vivid-cyan-blue-color has-text-color\"><em><em>Si<\/em><\/em><\/p>\n\n\n\n<p><strong>Per favore, valuta lo standard di pulizia all&#8217;arrivo.<\/strong><\/p>\n\n\n\n<p class=\"has-vivid-cyan-blue-color has-text-color\"><em><em><em><em>Eccellente<\/em><\/em><\/em><\/em><\/p>\n\n\n\n<p><strong>Per favore, valuta il comfort dei letti nella struttura.<\/strong><\/p>\n\n\n\n<p class=\"has-vivid-cyan-blue-color has-text-color\"><em><em><em><em>Eccellente<\/em><\/em><\/em><\/em><\/p>\n\n\n\n<p><strong>Nel complesso, come valuteresti la tua vacanza?<\/strong><\/p>\n\n\n\n<p class=\"has-vivid-cyan-blue-color has-text-color\"><em><em><em><em>Eccellente<\/em><\/em><\/em><\/em><\/p>\n\n\n\n<p><strong>Esperienza complessiva<\/strong><\/p>\n\n\n\n<p class=\"has-vivid-cyan-blue-color has-text-color\"><em>Che fantastica coppia di ville! Due settimane di paradiso. Le ville sono perfettamente progettate e hanno tutto ci\u00f2 di cui avevamo bisogno. Ritorneremo e ritorneremo e ritorneremo. Un grande ringraziamento anche da parte di Emily (nonna). Abbiamo trascorso una settimana meravigliosa, grazie alla vostra bellissima villa.<\/em><\/p>\n<\/div>\n<\/div>\n\n\n\n<div class=\"wp-block-columns half_half motivar_wrap mtv_padding omega_info_section is-layout-flex wp-container-core-columns-is-layout-9d6595d7 wp-block-columns-is-layout-flex\">\n<div class=\"wp-block-column col_right text_col reveal_text is-layout-flow wp-block-column-is-layout-flow\">\n<h4 class=\"wp-block-heading\">Soggiorno assolutamente meraviglioso a Villa Petra.<\/h4>\n\n\n\n<p class=\"has-vivid-cyan-blue-color has-text-color\"><em><em><em><em><em>Jess Davies M &#8211; United Kingdom<\/em><\/em><\/em><\/em><\/em><\/p>\n\n\n\n<p><strong>Consiglieresti la struttura in cui hai soggiornato a parenti o amici?<\/strong><\/p>\n\n\n\n<p class=\"has-vivid-cyan-blue-color has-text-color\"><em><em>Si<\/em><\/em><\/p>\n\n\n\n<p><strong>Per favore, valuta lo standard di pulizia all&#8217;arrivo.<\/strong><\/p>\n\n\n\n<p class=\"has-vivid-cyan-blue-color has-text-color\"><em><em><em><em>Eccellente<\/em><\/em><\/em><\/em><\/p>\n\n\n\n<p><strong>Per favore, valuta il comfort dei letti nella struttura.<\/strong><\/p>\n\n\n\n<p class=\"has-vivid-cyan-blue-color has-text-color\"><em><em><em><em>Eccellente<\/em><\/em><\/em><\/em><\/p>\n\n\n\n<p><strong>Nel complesso, come valuteresti la tua vacanza?<\/strong><\/p>\n\n\n\n<p class=\"has-vivid-cyan-blue-color has-text-color\"><em><em><em><em>Eccellente<\/em><\/em><\/em><\/em><\/p>\n\n\n\n<p><strong>Esperienza complessiva<\/strong><\/p>\n\n\n\n<p class=\"has-vivid-cyan-blue-color has-text-color\"><em>Soggiorno assolutamente meraviglioso a Villa Petra: la villa \u00e8 completamente perfetta per famiglie con bambini piccoli. Contiene tutto ci\u00f2 che si desidera e di cui si ha bisogno: lavatrice, lavastoviglie, lettino, seggiolone su richiesta, ecc. &#8211; e tutto era impeccabile e in ottime condizioni di funzionamento. La villa \u00e8 molto ben situata, con la spiaggia di Monodendri appena gi\u00f9 per la strada (massimo 2 minuti a piedi) e Loggos a breve distanza in macchina.<\/em><\/p>\n\n\n\n<p class=\"has-vivid-cyan-blue-color has-text-color\"><em>Detto ci\u00f2, abbiamo trascorso molte giornate nella villa stessa, godendoci la piscina che sembrava avere il sole per tutto il giorno e la splendida terrazza. Questa \u00e8 stata la nostra sesta visita a Paxos e siamo rimasti sinceramente entusiasti dell&#8217;alto standard della villa e del servizio offerto da Villas Muscalas. Grazie per una meravigliosa vacanza!<\/em><\/p>\n<\/div>\n<\/div>\n","protected":false},"excerpt":{"rendered":"<p>Davvero apprezzato ogni giorno al sole Chris &#8211; United Kingdom Consiglieresti la struttura in cui hai soggiornato a parenti o amici? Si Per favore, valuta lo standard di pulizia all&#8217;arrivo. Eccellente Per favore, valuta il comfort dei letti nella struttura. Eccellente Nel complesso, come valuteresti la tua vacanza? Eccellente Esperienza complessiva Fine stagione. Bello e [&hellip;]<\/p>\n","protected":false},"author":1,"featured_media":3849,"parent":0,"menu_order":0,"comment_status":"closed","ping_status":"closed","template":"","meta":{"footnotes":""},"class_list":["post-3848","page","type-page","status-publish","has-post-thumbnail","hentry"],"yoast_head":"<!-- This site is optimized with the Yoast SEO plugin v27.4 - https:\/\/yoast.com\/product\/yoast-seo-wordpress\/ -->\n<title>Ville a Paxos recensioni - Paxos Ville con piscina privata<\/title>\n<meta name=\"description\" content=\"Recensioni sulle Ville Vacanza a Paxos. Leggi cosa hanno detto i nostri ospiti sulla loro esperienza nelle nostre ville, sull&#039;incantevole isola di Paxos, Grecia.\" \/>\n<meta name=\"robots\" content=\"index, follow, max-snippet:-1, max-image-preview:large, max-video-preview:-1\" \/>\n<link rel=\"canonical\" href=\"https:\/\/muscalasvillaspaxos.com\/it\/recensioni-sulle-ville-vacanza-a-paxos\/\" \/>\n<meta property=\"og:locale\" content=\"it_IT\" \/>\n<meta property=\"og:type\" content=\"article\" \/>\n<meta property=\"og:title\" content=\"Ville a Paxos recensioni - Paxos Ville con piscina privata\" \/>\n<meta property=\"og:description\" content=\"Recensioni sulle Ville Vacanza a Paxos. Leggi cosa hanno detto i nostri ospiti sulla loro esperienza nelle nostre ville, sull&#039;incantevole isola di Paxos, Grecia.\" \/>\n<meta property=\"og:url\" content=\"https:\/\/muscalasvillaspaxos.com\/it\/recensioni-sulle-ville-vacanza-a-paxos\/\" \/>\n<meta property=\"og:site_name\" content=\"Paxos Ville con piscina privata\" \/>\n<meta property=\"article:publisher\" content=\"https:\/\/www.facebook.com\/VillasMuscalas\/\" \/>\n<meta property=\"article:modified_time\" content=\"2023-08-04T08:24:21+00:00\" \/>\n<meta property=\"og:image\" content=\"https:\/\/muscalasvillaspaxos.com\/app\/uploads\/2023\/06\/paxos-luxury-villas-muscalas-reviews-01.webp\" \/>\n\t<meta property=\"og:image:width\" content=\"1400\" \/>\n\t<meta property=\"og:image:height\" content=\"800\" \/>\n\t<meta property=\"og:image:type\" content=\"image\/webp\" \/>\n<meta name=\"twitter:card\" content=\"summary_large_image\" \/>\n<meta name=\"twitter:label1\" content=\"Tempo di lettura stimato\" \/>\n\t<meta name=\"twitter:data1\" content=\"3 minutes\" \/>\n<script type=\"application\/ld+json\" class=\"yoast-schema-graph\">{\"@context\":\"https:\\\/\\\/schema.org\",\"@graph\":[{\"@type\":\"WebPage\",\"@id\":\"https:\\\/\\\/muscalasvillaspaxos.com\\\/it\\\/recensioni-sulle-ville-vacanza-a-paxos\\\/\",\"url\":\"https:\\\/\\\/muscalasvillaspaxos.com\\\/it\\\/recensioni-sulle-ville-vacanza-a-paxos\\\/\",\"name\":\"Ville a Paxos recensioni - Paxos Ville con piscina privata\",\"isPartOf\":{\"@id\":\"https:\\\/\\\/muscalasvillaspaxos.com\\\/it\\\/#website\"},\"primaryImageOfPage\":{\"@id\":\"https:\\\/\\\/muscalasvillaspaxos.com\\\/it\\\/recensioni-sulle-ville-vacanza-a-paxos\\\/#primaryimage\"},\"image\":{\"@id\":\"https:\\\/\\\/muscalasvillaspaxos.com\\\/it\\\/recensioni-sulle-ville-vacanza-a-paxos\\\/#primaryimage\"},\"thumbnailUrl\":\"https:\\\/\\\/muscalasvillaspaxos.com\\\/app\\\/uploads\\\/2023\\\/06\\\/paxos-luxury-villas-muscalas-reviews-01.webp\",\"datePublished\":\"2023-06-22T11:53:20+00:00\",\"dateModified\":\"2023-08-04T08:24:21+00:00\",\"description\":\"Recensioni sulle Ville Vacanza a Paxos. Leggi cosa hanno detto i nostri ospiti sulla loro esperienza nelle nostre ville, sull'incantevole isola di Paxos, Grecia.\",\"breadcrumb\":{\"@id\":\"https:\\\/\\\/muscalasvillaspaxos.com\\\/it\\\/recensioni-sulle-ville-vacanza-a-paxos\\\/#breadcrumb\"},\"inLanguage\":\"it-IT\",\"potentialAction\":[{\"@type\":\"ReadAction\",\"target\":[\"https:\\\/\\\/muscalasvillaspaxos.com\\\/it\\\/recensioni-sulle-ville-vacanza-a-paxos\\\/\"]}]},{\"@type\":\"ImageObject\",\"inLanguage\":\"it-IT\",\"@id\":\"https:\\\/\\\/muscalasvillaspaxos.com\\\/it\\\/recensioni-sulle-ville-vacanza-a-paxos\\\/#primaryimage\",\"url\":\"https:\\\/\\\/muscalasvillaspaxos.com\\\/app\\\/uploads\\\/2023\\\/06\\\/paxos-luxury-villas-muscalas-reviews-01.webp\",\"contentUrl\":\"https:\\\/\\\/muscalasvillaspaxos.com\\\/app\\\/uploads\\\/2023\\\/06\\\/paxos-luxury-villas-muscalas-reviews-01.webp\",\"width\":1400,\"height\":800,\"caption\":\"Paxos Luxury Villas - Villas Muscalas - Reviews\"},{\"@type\":\"BreadcrumbList\",\"@id\":\"https:\\\/\\\/muscalasvillaspaxos.com\\\/it\\\/recensioni-sulle-ville-vacanza-a-paxos\\\/#breadcrumb\",\"itemListElement\":[{\"@type\":\"ListItem\",\"position\":1,\"name\":\"Home\",\"item\":\"https:\\\/\\\/muscalasvillaspaxos.com\\\/it\\\/\"},{\"@type\":\"ListItem\",\"position\":2,\"name\":\"Ville a Paxos recensioni\"}]},{\"@type\":\"WebSite\",\"@id\":\"https:\\\/\\\/muscalasvillaspaxos.com\\\/it\\\/#website\",\"url\":\"https:\\\/\\\/muscalasvillaspaxos.com\\\/it\\\/\",\"name\":\"Paxos Private Pool Villas\",\"description\":\"Luxury Seaside Muscalas Villas\",\"potentialAction\":[{\"@type\":\"SearchAction\",\"target\":{\"@type\":\"EntryPoint\",\"urlTemplate\":\"https:\\\/\\\/muscalasvillaspaxos.com\\\/it\\\/?s={search_term_string}\"},\"query-input\":{\"@type\":\"PropertyValueSpecification\",\"valueRequired\":true,\"valueName\":\"search_term_string\"}}],\"inLanguage\":\"it-IT\"}]}<\/script>\n<!-- \/ Yoast SEO plugin. -->","yoast_head_json":{"title":"Ville a Paxos recensioni - Paxos Ville con piscina privata","description":"Recensioni sulle Ville Vacanza a Paxos. Leggi cosa hanno detto i nostri ospiti sulla loro esperienza nelle nostre ville, sull'incantevole isola di Paxos, Grecia.","robots":{"index":"index","follow":"follow","max-snippet":"max-snippet:-1","max-image-preview":"max-image-preview:large","max-video-preview":"max-video-preview:-1"},"canonical":"https:\/\/muscalasvillaspaxos.com\/it\/recensioni-sulle-ville-vacanza-a-paxos\/","og_locale":"it_IT","og_type":"article","og_title":"Ville a Paxos recensioni - Paxos Ville con piscina privata","og_description":"Recensioni sulle Ville Vacanza a Paxos. Leggi cosa hanno detto i nostri ospiti sulla loro esperienza nelle nostre ville, sull'incantevole isola di Paxos, Grecia.","og_url":"https:\/\/muscalasvillaspaxos.com\/it\/recensioni-sulle-ville-vacanza-a-paxos\/","og_site_name":"Paxos Ville con piscina privata","article_publisher":"https:\/\/www.facebook.com\/VillasMuscalas\/","article_modified_time":"2023-08-04T08:24:21+00:00","og_image":[{"width":1400,"height":800,"url":"https:\/\/muscalasvillaspaxos.com\/app\/uploads\/2023\/06\/paxos-luxury-villas-muscalas-reviews-01.webp","type":"image\/webp"}],"twitter_card":"summary_large_image","twitter_misc":{"Tempo di lettura stimato":"3 minutes"},"schema":{"@context":"https:\/\/schema.org","@graph":[{"@type":"WebPage","@id":"https:\/\/muscalasvillaspaxos.com\/it\/recensioni-sulle-ville-vacanza-a-paxos\/","url":"https:\/\/muscalasvillaspaxos.com\/it\/recensioni-sulle-ville-vacanza-a-paxos\/","name":"Ville a Paxos recensioni - Paxos Ville con piscina privata","isPartOf":{"@id":"https:\/\/muscalasvillaspaxos.com\/it\/#website"},"primaryImageOfPage":{"@id":"https:\/\/muscalasvillaspaxos.com\/it\/recensioni-sulle-ville-vacanza-a-paxos\/#primaryimage"},"image":{"@id":"https:\/\/muscalasvillaspaxos.com\/it\/recensioni-sulle-ville-vacanza-a-paxos\/#primaryimage"},"thumbnailUrl":"https:\/\/muscalasvillaspaxos.com\/app\/uploads\/2023\/06\/paxos-luxury-villas-muscalas-reviews-01.webp","datePublished":"2023-06-22T11:53:20+00:00","dateModified":"2023-08-04T08:24:21+00:00","description":"Recensioni sulle Ville Vacanza a Paxos. Leggi cosa hanno detto i nostri ospiti sulla loro esperienza nelle nostre ville, sull'incantevole isola di Paxos, Grecia.","breadcrumb":{"@id":"https:\/\/muscalasvillaspaxos.com\/it\/recensioni-sulle-ville-vacanza-a-paxos\/#breadcrumb"},"inLanguage":"it-IT","potentialAction":[{"@type":"ReadAction","target":["https:\/\/muscalasvillaspaxos.com\/it\/recensioni-sulle-ville-vacanza-a-paxos\/"]}]},{"@type":"ImageObject","inLanguage":"it-IT","@id":"https:\/\/muscalasvillaspaxos.com\/it\/recensioni-sulle-ville-vacanza-a-paxos\/#primaryimage","url":"https:\/\/muscalasvillaspaxos.com\/app\/uploads\/2023\/06\/paxos-luxury-villas-muscalas-reviews-01.webp","contentUrl":"https:\/\/muscalasvillaspaxos.com\/app\/uploads\/2023\/06\/paxos-luxury-villas-muscalas-reviews-01.webp","width":1400,"height":800,"caption":"Paxos Luxury Villas - Villas Muscalas - Reviews"},{"@type":"BreadcrumbList","@id":"https:\/\/muscalasvillaspaxos.com\/it\/recensioni-sulle-ville-vacanza-a-paxos\/#breadcrumb","itemListElement":[{"@type":"ListItem","position":1,"name":"Home","item":"https:\/\/muscalasvillaspaxos.com\/it\/"},{"@type":"ListItem","position":2,"name":"Ville a Paxos recensioni"}]},{"@type":"WebSite","@id":"https:\/\/muscalasvillaspaxos.com\/it\/#website","url":"https:\/\/muscalasvillaspaxos.com\/it\/","name":"Paxos Private Pool Villas","description":"Luxury Seaside Muscalas Villas","potentialAction":[{"@type":"SearchAction","target":{"@type":"EntryPoint","urlTemplate":"https:\/\/muscalasvillaspaxos.com\/it\/?s={search_term_string}"},"query-input":{"@type":"PropertyValueSpecification","valueRequired":true,"valueName":"search_term_string"}}],"inLanguage":"it-IT"}]}},"_links":{"self":[{"href":"https:\/\/muscalasvillaspaxos.com\/it\/wp-json\/wp\/v2\/pages\/3848","targetHints":{"allow":["GET"]}}],"collection":[{"href":"https:\/\/muscalasvillaspaxos.com\/it\/wp-json\/wp\/v2\/pages"}],"about":[{"href":"https:\/\/muscalasvillaspaxos.com\/it\/wp-json\/wp\/v2\/types\/page"}],"author":[{"embeddable":true,"href":"https:\/\/muscalasvillaspaxos.com\/it\/wp-json\/wp\/v2\/users\/1"}],"replies":[{"embeddable":true,"href":"https:\/\/muscalasvillaspaxos.com\/it\/wp-json\/wp\/v2\/comments?post=3848"}],"version-history":[{"count":3,"href":"https:\/\/muscalasvillaspaxos.com\/it\/wp-json\/wp\/v2\/pages\/3848\/revisions"}],"predecessor-version":[{"id":4531,"href":"https:\/\/muscalasvillaspaxos.com\/it\/wp-json\/wp\/v2\/pages\/3848\/revisions\/4531"}],"wp:featuredmedia":[{"embeddable":true,"href":"https:\/\/muscalasvillaspaxos.com\/it\/wp-json\/wp\/v2\/media\/3849"}],"wp:attachment":[{"href":"https:\/\/muscalasvillaspaxos.com\/it\/wp-json\/wp\/v2\/media?parent=3848"}],"curies":[{"name":"wp","href":"https:\/\/api.w.org\/{rel}","templated":true}]}}