{"id":4059,"date":"2023-07-25T23:34:57","date_gmt":"2023-07-25T20:34:57","guid":{"rendered":"https:\/\/muscalasvillaspaxos.com\/?page_id=4059"},"modified":"2023-08-04T12:02:11","modified_gmt":"2023-08-04T09:02:11","slug":"termini-e-condizioni-di-prenotazione","status":"publish","type":"page","link":"https:\/\/muscalasvillaspaxos.com\/it\/termini-e-condizioni-di-prenotazione\/","title":{"rendered":"Termini e condizioni di prenotazione"},"content":{"rendered":"\n<div id=\"mtv_no_hero\" class=\"wp-block-group motivar_wrap\"><div class=\"wp-block-group__inner-container is-layout-flow wp-block-group-is-layout-flow\">\n<div class=\"wp-block-group\"><div class=\"wp-block-group__inner-container is-layout-flow wp-block-group-is-layout-flow\">\n<h1 class=\"wp-block-heading\" id=\"tw-target-text\">Termini e condizioni di prenotazione<\/h1>\n\n\n<span><span><a href=\"https:\/\/muscalasvillaspaxos.com\/it\/\">Home<\/a><\/span><\/span>\n<\/div><\/div>\n<\/div><\/div>\n\n\n\n<div class=\"wp-block-group mtv_padding motivar_wrap\"><div class=\"wp-block-group__inner-container is-layout-flow wp-block-group-is-layout-flow\">\n<p><strong>Corrispondenza e comunicazione<br><\/strong>Se desideri ulteriori informazioni o hai altre domande sulle propriet\u00e0, ti incoraggiamo a contattare il team di Ville Muscalas telefonicamente o via email prima di effettuare la prenotazione. Tuttavia, tieni presente che le chiamate telefoniche non vengono registrate e non sono considerate parte del contratto di prenotazione. Se sei interessato a specifiche caratteristiche dell&#8217;area circostante e queste non sono incluse nella descrizione del sito web, potresti dover confermare i dettagli contattandoci. Ville Muscalas non pu\u00f2 essere ritenuta responsabile per eventuali errori.<\/p>\n\n\n\n<p><strong>Politica di prenotazione e cancellazione<br><\/strong>Quando prenoti la tua vacanza, Ville Muscalas si riserva il diritto di correggere eventuali errori o modificare il pagamento prima della conferma e della fattura di prenotazione. Al momento della prenotazione, ti verr\u00e0 addebitato un acconto corrispondente al 30% del costo complessivo della tua vacanza. Il saldo del prezzo totale deve essere pagato in contanti al momento del tuo arrivo presso la nostra struttura. Ville Muscalas si riserva il diritto di annullare la tua prenotazione se l&#8217;acconto non verr\u00e0 pagato in tempo.<\/p>\n\n\n\n<p><strong>Modifica della prenotazione<br><\/strong>Se decidi di modificare la tua prenotazione dopo l&#8217;emissione della fattura di conferma, faremo tutto il possibile per trovare la migliore soluzione per te, ma ci\u00f2 potrebbe non essere sempre possibile. Eventuali richieste riguardanti la prenotazione devono essere fatte dalla persona che compare come capo gruppo, per iscritto. Viene applicata una tariffa amministrativa di \u20ac25 a persona, oltre ad eventuali costi aggiuntivi che la modifica potrebbe comportare. Si noti che le spese potrebbero aumentare avvicinandosi alla data di partenza, quindi si consiglia di informarci al pi\u00f9 presto delle modifiche alla prenotazione.<\/p>\n\n\n\n<p><strong>Cancellazione della prenotazione<br><\/strong>Il nostro obiettivo \u00e8 fornirti la tua vacanza come prenotata. Se dovesse verificarsi qualche problema con la tua prenotazione, Ville Muscalas garantisce che i clienti saranno informati al pi\u00f9 presto delle eventuali modifiche. Se riteniamo necessario annullare la tua prenotazione, ci riserviamo il diritto di farlo in qualsiasi momento. La tua prenotazione non pu\u00f2 essere cancellata meno di otto (8) giorni prima della partenza, a meno che ci\u00f2 sia causato da un evento al di fuori del nostro controllo, come guerra, rivolta, controversia industriale, attivit\u00e0 terroristica, disastro naturale o nucleare, incendio, condizioni meteorologiche avverse o altre circostanze impreviste che possano configurarsi come forza maggiore.<br>Se apporti una modifica significativa o cancelli il periodo della tua vacanza prima della partenza, entro il quale ricevi comunicazione scritta da noi di tale cancellazione o modifica significativa.<\/p>\n\n\n\n<p><strong>Cancellazione espressa come % del costo totale della vacanza.<\/strong><\/p>\n\n\n\n<p>Se apportiamo una modifica significativa o cancelliamo il periodo della tua vacanza prima della partenza, entro il quale ricevi notifica di tale cancellazione o modifica significativa<\/p>\n\n\n\n<p>Data in cui viene ricevuta la notificaCostoOltre 60 giorni prima dell&#8217;arrivo nella villa30% del costo totaleDa 45 a 59 giorni prima dell&#8217;arrivo nella villa50% del costo totaleDa 0 a 44 giorni prima dell&#8217;arrivo nella villa100% del costo totale<\/p>\n\n\n\n<p>Rimborso per personaCancellazione entro60 giorni o pi\u00f9Nessun rimborsoDa 45 a 59 giorni\u20ac15 per personaDa 0 a 44 giorni\u20ac25 per persona<\/p>\n\n\n\n<figure class=\"wp-block-table\"><table><tbody><tr><td><strong>Data entro la quale viene ricevuta la notifica<\/strong><\/td><td><strong>Carica<\/strong><\/td><\/tr><tr><td>Pi\u00f9 di 60 giorni prima dell&#8217;arrivo della villa<\/td><td><strong>30% del costo totale<\/strong><\/td><\/tr><tr><td>45-59 giorni prima dell&#8217;arrivo della villa<\/td><td><strong>50% del costo totale<\/strong><\/td><\/tr><tr><td>0-44 giorni prima dell&#8217;arrivo della villa<\/td><td><strong>100% del costo totale<\/strong><\/td><\/tr><\/tbody><\/table><\/figure>\n\n\n\n<figure class=\"wp-block-table\"><table><tbody><tr><td><strong>Compenso per persona<\/strong><\/td><td><strong>Rimborso<\/strong><\/td><\/tr><tr><td>60 giorni o pi\u00f9<\/td><td>nessun rimborso<\/td><\/tr><tr><td>45 \u2013 59 giorni<\/td><td>\u20ac15 a persona<\/td><\/tr><tr><td><span style=\"font-weight: 400;\">0 \u2013 44 giorni<\/span><\/td><td>\u20ac25 a persona<\/td><\/tr><\/tbody><\/table><\/figure>\n\n\n\n<p><strong>Procedura per le lamentele<br><\/strong>Se durante il tuo soggiorno in una delle nostre ville si verificasse un problema, ti preghiamo di comunicarcelo al pi\u00f9 presto. Se hai particolari esigenze o richieste speciali riguardanti la tua prenotazione, ti preghiamo di informarci al momento della prenotazione. Il nostro obiettivo \u00e8 soddisfare i nostri clienti con il nostro servizio e soddisfare le tue richieste, ma non possiamo garantire che sia sempre possibile. Se non riusciamo a soddisfare tali richieste, ci\u00f2 non deve essere considerato una violazione del contratto. Non siamo in grado di elaborare prenotazioni che siano condizionate al soddisfacimento di qualsiasi richiesta speciale.<\/p>\n\n\n\n<p><strong>Disponibilit\u00e0 delle strutture<br><\/strong>All&#8217;inizio o alla fine della stagione estiva, \u00e8 probabile che siano disponibili meno strutture rispetto a quelle descritte sul nostro sito web, sia all&#8217;interno delle propriet\u00e0 che nell&#8217;area circostante. Ci\u00f2 potrebbe includere la piscina in spiaggia, i ristoranti nella spiaggia di Monodendri e le strutture sulla spiaggia. Tuttavia, Ville Muscalas ti informer\u00e0 e ti avviser\u00e0 del ritiro di eventuali strutture non appena tali cambiamenti saranno noti.<\/p>\n\n\n\n<p><strong>Danni o perdite<br><\/strong>Sei responsabile di qualsiasi danno o perdita causato alle propriet\u00e0 assegnate durante il tuo soggiorno e ti chiederemo un rimborso se dovesse accadere qualcosa. In caso di furto a causa di negligenza del locatario, ad esempio se dimentichi porte o finestre aperte, ti sar\u00e0 richiesto di pagare un rimborso per il danno.<\/p>\n\n\n\n<p><strong>Passaporti e visti<br><\/strong>Ville Muscalas non pu\u00f2 essere ritenuta responsabile dei requisiti specifici del tuo passaporto e del visto o di altri documenti di immigrazione e viaggio. Dovrai confermare ci\u00f2 con le Ambasciate e i Consolati pertinenti nel tuo paese di origine prima della partenza. La mancata partenza non \u00e8 di nostra responsabilit\u00e0.<\/p>\n\n\n\n<p><strong>Cancellazione del volo<br><\/strong>Ville Muscalas non pu\u00f2 essere ritenuta responsabile se il tuo volo viene cancellato a causa di scioperi o condizioni meteorologiche avverse e non saremo in grado di rilasciare un rimborso per l&#8217;annullamento della tua prenotazione. Tuttavia, ci impegniamo a fare del nostro meglio per soddisfare i nostri clienti e, pertanto, in caso di cancellazione del volo, facci sapere al pi\u00f9 presto possibile per esplorare possibili soluzioni. Ville Muscalas non pu\u00f2 essere ritenuta responsabile se non riusciamo a modificare le tue prenotazioni.<\/p>\n<\/div><\/div>\n","protected":false},"excerpt":{"rendered":"<p>Termini e condizioni di prenotazione Corrispondenza e comunicazioneSe desideri ulteriori informazioni o hai altre domande sulle propriet\u00e0, ti incoraggiamo a contattare il team di Ville Muscalas telefonicamente o via email prima di effettuare la prenotazione. Tuttavia, tieni presente che le chiamate telefoniche non vengono registrate e non sono considerate parte del contratto di prenotazione. Se [&hellip;]<\/p>\n","protected":false},"author":1,"featured_media":0,"parent":0,"menu_order":0,"comment_status":"closed","ping_status":"closed","template":"","meta":{"footnotes":""},"class_list":["post-4059","page","type-page","status-publish","hentry"],"yoast_head":"<!-- This site is optimized with the Yoast SEO plugin v27.4 - https:\/\/yoast.com\/product\/yoast-seo-wordpress\/ -->\n<title>Termini e condizioni di prenotazione - Paxos Ville con piscina privata<\/title>\n<meta name=\"description\" content=\"Le condizioni di prenotazione di seguito sono regolate e costituite in conformit\u00e0 con la legge greca. Per ulteriori informazioni sulla nostra politica di cancellazione...\" \/>\n<meta name=\"robots\" content=\"index, follow, max-snippet:-1, max-image-preview:large, max-video-preview:-1\" \/>\n<link rel=\"canonical\" href=\"https:\/\/muscalasvillaspaxos.com\/it\/termini-e-condizioni-di-prenotazione\/\" \/>\n<meta property=\"og:locale\" content=\"it_IT\" \/>\n<meta property=\"og:type\" content=\"article\" \/>\n<meta property=\"og:title\" content=\"Termini e condizioni di prenotazione - Paxos Ville con piscina privata\" \/>\n<meta property=\"og:description\" content=\"Le condizioni di prenotazione di seguito sono regolate e costituite in conformit\u00e0 con la legge greca. Per ulteriori informazioni sulla nostra politica di cancellazione...\" \/>\n<meta property=\"og:url\" content=\"https:\/\/muscalasvillaspaxos.com\/it\/termini-e-condizioni-di-prenotazione\/\" \/>\n<meta property=\"og:site_name\" content=\"Paxos Ville con piscina privata\" \/>\n<meta property=\"article:publisher\" content=\"https:\/\/www.facebook.com\/VillasMuscalas\/\" \/>\n<meta property=\"article:modified_time\" content=\"2023-08-04T09:02:11+00:00\" \/>\n<meta property=\"og:image\" content=\"https:\/\/muscalasvillaspaxos.com\/app\/uploads\/2023\/06\/paxos-private-pool-luxury-villas-villas-muscalas.webp\" \/>\n\t<meta property=\"og:image:width\" content=\"1200\" \/>\n\t<meta property=\"og:image:height\" content=\"675\" \/>\n\t<meta property=\"og:image:type\" content=\"image\/webp\" \/>\n<meta name=\"twitter:card\" content=\"summary_large_image\" \/>\n<meta name=\"twitter:label1\" content=\"Tempo di lettura stimato\" \/>\n\t<meta name=\"twitter:data1\" content=\"5 minutes\" \/>\n<script type=\"application\/ld+json\" class=\"yoast-schema-graph\">{\"@context\":\"https:\\\/\\\/schema.org\",\"@graph\":[{\"@type\":\"WebPage\",\"@id\":\"https:\\\/\\\/muscalasvillaspaxos.com\\\/it\\\/termini-e-condizioni-di-prenotazione\\\/\",\"url\":\"https:\\\/\\\/muscalasvillaspaxos.com\\\/it\\\/termini-e-condizioni-di-prenotazione\\\/\",\"name\":\"Termini e condizioni di prenotazione - Paxos Ville con piscina privata\",\"isPartOf\":{\"@id\":\"https:\\\/\\\/muscalasvillaspaxos.com\\\/it\\\/#website\"},\"datePublished\":\"2023-07-25T20:34:57+00:00\",\"dateModified\":\"2023-08-04T09:02:11+00:00\",\"description\":\"Le condizioni di prenotazione di seguito sono regolate e costituite in conformit\u00e0 con la legge greca. Per ulteriori informazioni sulla nostra politica di cancellazione...\",\"breadcrumb\":{\"@id\":\"https:\\\/\\\/muscalasvillaspaxos.com\\\/it\\\/termini-e-condizioni-di-prenotazione\\\/#breadcrumb\"},\"inLanguage\":\"it-IT\",\"potentialAction\":[{\"@type\":\"ReadAction\",\"target\":[\"https:\\\/\\\/muscalasvillaspaxos.com\\\/it\\\/termini-e-condizioni-di-prenotazione\\\/\"]}]},{\"@type\":\"BreadcrumbList\",\"@id\":\"https:\\\/\\\/muscalasvillaspaxos.com\\\/it\\\/termini-e-condizioni-di-prenotazione\\\/#breadcrumb\",\"itemListElement\":[{\"@type\":\"ListItem\",\"position\":1,\"name\":\"Home\",\"item\":\"https:\\\/\\\/muscalasvillaspaxos.com\\\/it\\\/\"},{\"@type\":\"ListItem\",\"position\":2,\"name\":\"Termini e condizioni di prenotazione\"}]},{\"@type\":\"WebSite\",\"@id\":\"https:\\\/\\\/muscalasvillaspaxos.com\\\/it\\\/#website\",\"url\":\"https:\\\/\\\/muscalasvillaspaxos.com\\\/it\\\/\",\"name\":\"Paxos Private Pool Villas\",\"description\":\"Luxury Seaside Muscalas Villas\",\"potentialAction\":[{\"@type\":\"SearchAction\",\"target\":{\"@type\":\"EntryPoint\",\"urlTemplate\":\"https:\\\/\\\/muscalasvillaspaxos.com\\\/it\\\/?s={search_term_string}\"},\"query-input\":{\"@type\":\"PropertyValueSpecification\",\"valueRequired\":true,\"valueName\":\"search_term_string\"}}],\"inLanguage\":\"it-IT\"}]}<\/script>\n<!-- \/ Yoast SEO plugin. -->","yoast_head_json":{"title":"Termini e condizioni di prenotazione - Paxos Ville con piscina privata","description":"Le condizioni di prenotazione di seguito sono regolate e costituite in conformit\u00e0 con la legge greca. Per ulteriori informazioni sulla nostra politica di cancellazione...","robots":{"index":"index","follow":"follow","max-snippet":"max-snippet:-1","max-image-preview":"max-image-preview:large","max-video-preview":"max-video-preview:-1"},"canonical":"https:\/\/muscalasvillaspaxos.com\/it\/termini-e-condizioni-di-prenotazione\/","og_locale":"it_IT","og_type":"article","og_title":"Termini e condizioni di prenotazione - Paxos Ville con piscina privata","og_description":"Le condizioni di prenotazione di seguito sono regolate e costituite in conformit\u00e0 con la legge greca. Per ulteriori informazioni sulla nostra politica di cancellazione...","og_url":"https:\/\/muscalasvillaspaxos.com\/it\/termini-e-condizioni-di-prenotazione\/","og_site_name":"Paxos Ville con piscina privata","article_publisher":"https:\/\/www.facebook.com\/VillasMuscalas\/","article_modified_time":"2023-08-04T09:02:11+00:00","og_image":[{"width":1200,"height":675,"url":"https:\/\/muscalasvillaspaxos.com\/app\/uploads\/2023\/06\/paxos-private-pool-luxury-villas-villas-muscalas.webp","type":"image\/webp"}],"twitter_card":"summary_large_image","twitter_misc":{"Tempo di lettura stimato":"5 minutes"},"schema":{"@context":"https:\/\/schema.org","@graph":[{"@type":"WebPage","@id":"https:\/\/muscalasvillaspaxos.com\/it\/termini-e-condizioni-di-prenotazione\/","url":"https:\/\/muscalasvillaspaxos.com\/it\/termini-e-condizioni-di-prenotazione\/","name":"Termini e condizioni di prenotazione - Paxos Ville con piscina privata","isPartOf":{"@id":"https:\/\/muscalasvillaspaxos.com\/it\/#website"},"datePublished":"2023-07-25T20:34:57+00:00","dateModified":"2023-08-04T09:02:11+00:00","description":"Le condizioni di prenotazione di seguito sono regolate e costituite in conformit\u00e0 con la legge greca. Per ulteriori informazioni sulla nostra politica di cancellazione...","breadcrumb":{"@id":"https:\/\/muscalasvillaspaxos.com\/it\/termini-e-condizioni-di-prenotazione\/#breadcrumb"},"inLanguage":"it-IT","potentialAction":[{"@type":"ReadAction","target":["https:\/\/muscalasvillaspaxos.com\/it\/termini-e-condizioni-di-prenotazione\/"]}]},{"@type":"BreadcrumbList","@id":"https:\/\/muscalasvillaspaxos.com\/it\/termini-e-condizioni-di-prenotazione\/#breadcrumb","itemListElement":[{"@type":"ListItem","position":1,"name":"Home","item":"https:\/\/muscalasvillaspaxos.com\/it\/"},{"@type":"ListItem","position":2,"name":"Termini e condizioni di prenotazione"}]},{"@type":"WebSite","@id":"https:\/\/muscalasvillaspaxos.com\/it\/#website","url":"https:\/\/muscalasvillaspaxos.com\/it\/","name":"Paxos Private Pool Villas","description":"Luxury Seaside Muscalas Villas","potentialAction":[{"@type":"SearchAction","target":{"@type":"EntryPoint","urlTemplate":"https:\/\/muscalasvillaspaxos.com\/it\/?s={search_term_string}"},"query-input":{"@type":"PropertyValueSpecification","valueRequired":true,"valueName":"search_term_string"}}],"inLanguage":"it-IT"}]}},"_links":{"self":[{"href":"https:\/\/muscalasvillaspaxos.com\/it\/wp-json\/wp\/v2\/pages\/4059","targetHints":{"allow":["GET"]}}],"collection":[{"href":"https:\/\/muscalasvillaspaxos.com\/it\/wp-json\/wp\/v2\/pages"}],"about":[{"href":"https:\/\/muscalasvillaspaxos.com\/it\/wp-json\/wp\/v2\/types\/page"}],"author":[{"embeddable":true,"href":"https:\/\/muscalasvillaspaxos.com\/it\/wp-json\/wp\/v2\/users\/1"}],"replies":[{"embeddable":true,"href":"https:\/\/muscalasvillaspaxos.com\/it\/wp-json\/wp\/v2\/comments?post=4059"}],"version-history":[{"count":2,"href":"https:\/\/muscalasvillaspaxos.com\/it\/wp-json\/wp\/v2\/pages\/4059\/revisions"}],"predecessor-version":[{"id":4518,"href":"https:\/\/muscalasvillaspaxos.com\/it\/wp-json\/wp\/v2\/pages\/4059\/revisions\/4518"}],"wp:attachment":[{"href":"https:\/\/muscalasvillaspaxos.com\/it\/wp-json\/wp\/v2\/media?parent=4059"}],"curies":[{"name":"wp","href":"https:\/\/api.w.org\/{rel}","templated":true}]}}