{"id":4313,"date":"2023-07-29T15:28:02","date_gmt":"2023-07-29T12:28:02","guid":{"rendered":"https:\/\/muscalasvillaspaxos.com\/?page_id=4313"},"modified":"2023-07-30T00:49:59","modified_gmt":"2023-07-29T21:49:59","slug":"scopri-le-attivita-di-paxos","status":"publish","type":"page","link":"https:\/\/muscalasvillaspaxos.com\/it\/guida-turistica-di-paxos\/scopri-le-attivita-di-paxos\/","title":{"rendered":"Scopri le attivit\u00e0 di Paxos"},"content":{"rendered":"\n<section class=\"mtv_hero_section \">\n  <div class=\"image_wrap\"><img decoding=\"async\" src=\"https:\/\/muscalasvillaspaxos.com\/app\/uploads\/2023\/07\/paxos-activities-01.webp\" srcset=\"https:\/\/muscalasvillaspaxos.com\/app\/uploads\/2023\/07\/paxos-activities-01.webp 1200w, https:\/\/muscalasvillaspaxos.com\/app\/uploads\/2023\/07\/paxos-activities-01-300x200.webp 300w, https:\/\/muscalasvillaspaxos.com\/app\/uploads\/2023\/07\/paxos-activities-01-1024x683.webp 1024w, https:\/\/muscalasvillaspaxos.com\/app\/uploads\/2023\/07\/paxos-activities-01-768x512.webp 768w, https:\/\/muscalasvillaspaxos.com\/app\/uploads\/2023\/07\/paxos-activities-01-600x400.webp 600w, https:\/\/muscalasvillaspaxos.com\/app\/uploads\/2023\/07\/paxos-activities-01-900x600.webp 900w\" style=\"0\" class=\"cover\" \/><\/div>  <div class=\"opacity\"><\/div>\n  \n<div class=\"content_wrap motivar_wrap\">\n      <div class=\"info_container\">\n        <div class=\"title\"><h1>Scopri le attivit\u00e0 di Paxos<\/h1>\n          <div class=\"mtv_breadcrumb\"><span><span><a href=\"https:\/\/muscalasvillaspaxos.com\/it\/\">Home<\/a><\/span><\/span><\/div>\n        <\/div>\n        <div class=\"mtv_share\">\n        <\/div>\n      <\/div>\n    <\/div>\n<div class=\"mtv_bottom_row\">\n <div class=\"mtv_bottom_wrap motivar_wrap\">\n  <div class=\"col_left\"><section id=\"block-3\" class=\"widget widget_block\"><p>\n  <div class=\"mtv_social\">\n      <a href=\"https:\/\/www.facebook.com\/VillasMuscalas\/\" target=\"_blank\">\n\t\t\t\t\t\t\t\t<span class=\"mtv_hidden\">social media facebook<\/span>\n\t\t\t\t\t\t\t\t<span class=\"icon fa-brands fa-facebook\"><\/span>\n      <\/a>\n      <a href=\"https:\/\/www.instagram.com\/villasmuscalas\/?hl=en\" target=\"_blank\">\n\t\t\t\t\t\t\t\t<span class=\"mtv_hidden\">social media instagram<\/span>\n\t\t\t\t\t\t\t\t<span class=\"icon fa-brands fa-instagram\"><\/span>\n      <\/a>\n      <a href=\"https:\/\/goo.gl\/maps\/jKEbehtYf1TSpQYu6\" target=\"_blank\">\n\t\t\t\t\t\t\t\t<span class=\"mtv_hidden\">social media google<\/span>\n\t\t\t\t\t\t\t\t<span class=\"icon fa-brands fa-google\"><\/span>\n      <\/a>\n      <a href=\"https:\/\/www.tripadvisor.com\/VacationRentalReview-g1402870-d10759550-Luxury_Private_Pool_Villa_in_Monodendri_Beach_Villas_Muscalas_Petra-Lakka_Paxos_Ioni.html\" target=\"_blank\">\n        <span class=\"icon mtv-icon-tripadvisor\"><\/span>\n      <\/a>\n  <\/div><\/p>\n<\/section>\n  <\/div>\n  <div class=\"col_center\">  <div class=\"icon mtv-icon-scroll-down\" onclick=\"mtv_scroll_to('#main_info', '0')\" style=\"cursor:pointer;\"><\/div>\n  <div class=\"scroll_text\" onclick=\"mtv_scroll_to('#main_info', '0')\" style=\"margin-top:10px; cursor:pointer;\">SCROLL DOWN<\/div>\n\n  <\/div>\n  <div class=\"col_right\">\n   <a href=\"tel:306971894822\" target=\"_blank\">\n    <span class=\"icon mtv-icon-telephone\"><\/span>\n    <span class=\"text\">+30 697 1894 822<\/span>\n   <\/a>\n  <\/div>\n <\/div>\n<\/div><\/section>\n\n\n\n<div class=\"wp-block-columns half_half motivar_wrap mtv_padding omega_info_section is-layout-flex wp-container-core-columns-is-layout-9d6595d7 wp-block-columns-is-layout-flex\" id=\"main_info\">\n<div class=\"wp-block-column col_left img_col reveal_text is-layout-flow wp-block-column-is-layout-flow\"><div class=\"wp-block-image\">\n<figure class=\"aligncenter size-large\"><img loading=\"lazy\" decoding=\"async\" width=\"853\" height=\"1024\" src=\"https:\/\/muscalasvillaspaxos.com\/app\/uploads\/2023\/07\/Walking-In-Paxos-853x1024.webp\" alt=\"Walking In Paxos\" class=\"wp-image-4197\" srcset=\"https:\/\/muscalasvillaspaxos.com\/app\/uploads\/2023\/07\/Walking-In-Paxos-853x1024.webp 853w, https:\/\/muscalasvillaspaxos.com\/app\/uploads\/2023\/07\/Walking-In-Paxos-250x300.webp 250w, https:\/\/muscalasvillaspaxos.com\/app\/uploads\/2023\/07\/Walking-In-Paxos-768x922.webp 768w, https:\/\/muscalasvillaspaxos.com\/app\/uploads\/2023\/07\/Walking-In-Paxos-300x360.webp 300w, https:\/\/muscalasvillaspaxos.com\/app\/uploads\/2023\/07\/Walking-In-Paxos-600x720.webp 600w, https:\/\/muscalasvillaspaxos.com\/app\/uploads\/2023\/07\/Walking-In-Paxos-900x1080.webp 900w, https:\/\/muscalasvillaspaxos.com\/app\/uploads\/2023\/07\/Walking-In-Paxos.webp 1000w\" sizes=\"auto, (max-width: 853px) 100vw, 853px\" \/><\/figure>\n<\/div><\/div>\n\n\n\n<div class=\"wp-block-column is-vertically-aligned-center col_right text_col reveal_text is-layout-flow wp-block-column-is-layout-flow\">\n<h2 class=\"wp-block-heading\">Camminare a Paxos<\/h2>\n\n\n\n<p>Camminare \u00e8 molto popolare a Paxos. Infatti, \u00e8 un&#8217;isola perfetta da esplorare a piedi, essendo piccola, collinare\u2026<\/p>\n\n\n\n    <div class=\"mtv_button\"> <a href=\"https:\/\/muscalasvillaspaxos.com\/it\/guida-turistica-di-paxos\/scopri-le-attivita-di-paxos\/camminare-a-paxos\/\" class=\"solid mtv_barba_prevent\" target=\"_self\">per saperne di pi\u00f9<\/a><\/div> \n<\/div>\n<\/div>\n\n\n\n<div class=\"wp-block-group mtv_padding motivar_wrap\"><div class=\"wp-block-group__inner-container is-layout-constrained wp-block-group-is-layout-constrained\">\n<div class=\"wp-block-columns half_half motivar_wrap mini_padding omega_info_section is-layout-flex wp-container-core-columns-is-layout-9d6595d7 wp-block-columns-is-layout-flex\">\n<div class=\"wp-block-column col_left text_col reveal_text is-layout-flow wp-block-column-is-layout-flow\">\n<h2 class=\"wp-block-heading\">Paxos Crociere Giornaliere<\/h2>\n\n\n\n<p>Gite giornaliere a Paxos. Se sei interessato alle immersioni subacquee e alle gite in barca giornaliere ad Antipaxos, Pagra o nei dintorni\u2026<\/p>\n\n\n\n    <div class=\"mtv_button\"> <a href=\"https:\/\/muscalasvillaspaxos.com\/it\/guida-turistica-di-paxos\/scopri-le-attivita-di-paxos\/paxos-crociere-giornaliere\/\" class=\"solid mtv_barba_prevent\" target=\"_self\">per saperne di pi\u00f9<\/a><\/div> \n<\/div>\n\n\n\n<div class=\"wp-block-column col_right img_col reveal_text is-layout-flow wp-block-column-is-layout-flow\"><div class=\"wp-block-image\">\n<figure class=\"aligncenter size-large\"><img loading=\"lazy\" decoding=\"async\" width=\"853\" height=\"1024\" src=\"https:\/\/muscalasvillaspaxos.com\/app\/uploads\/2023\/07\/Paxos-Daily-Cruises-853x1024.webp\" alt=\"Paxos Daily Cruises\" class=\"wp-image-4195\" srcset=\"https:\/\/muscalasvillaspaxos.com\/app\/uploads\/2023\/07\/Paxos-Daily-Cruises-853x1024.webp 853w, https:\/\/muscalasvillaspaxos.com\/app\/uploads\/2023\/07\/Paxos-Daily-Cruises-250x300.webp 250w, https:\/\/muscalasvillaspaxos.com\/app\/uploads\/2023\/07\/Paxos-Daily-Cruises-768x922.webp 768w, https:\/\/muscalasvillaspaxos.com\/app\/uploads\/2023\/07\/Paxos-Daily-Cruises-300x360.webp 300w, https:\/\/muscalasvillaspaxos.com\/app\/uploads\/2023\/07\/Paxos-Daily-Cruises-600x720.webp 600w, https:\/\/muscalasvillaspaxos.com\/app\/uploads\/2023\/07\/Paxos-Daily-Cruises-900x1080.webp 900w, https:\/\/muscalasvillaspaxos.com\/app\/uploads\/2023\/07\/Paxos-Daily-Cruises.webp 1000w\" sizes=\"auto, (max-width: 853px) 100vw, 853px\" \/><\/figure>\n<\/div><\/div>\n<\/div>\n<\/div><\/div>\n","protected":false},"excerpt":{"rendered":"<p>Camminare a Paxos Camminare \u00e8 molto popolare a Paxos. Infatti, \u00e8 un&#8217;isola perfetta da esplorare a piedi, essendo piccola, collinare\u2026 Paxos Crociere Giornaliere Gite giornaliere a Paxos. Se sei interessato alle immersioni subacquee e alle gite in barca giornaliere ad Antipaxos, Pagra o nei dintorni\u2026<\/p>\n","protected":false},"author":1,"featured_media":4138,"parent":4309,"menu_order":0,"comment_status":"closed","ping_status":"closed","template":"","meta":{"footnotes":""},"class_list":["post-4313","page","type-page","status-publish","has-post-thumbnail","hentry"],"yoast_head":"<!-- This site is optimized with the Yoast SEO plugin v27.4 - https:\/\/yoast.com\/product\/yoast-seo-wordpress\/ -->\n<title>Scopri le attivit\u00e0 di Paxos - Paxos Ville con piscina privata<\/title>\n<meta name=\"description\" content=\"Scopri le attivit\u00e0 di Paxos. Puoi trovare una variet\u00e0 di attivit\u00e0 a Paxos. Dal camminare sull&#039;isola alle crociere in barca giornaliere.\" \/>\n<meta name=\"robots\" content=\"index, follow, max-snippet:-1, max-image-preview:large, max-video-preview:-1\" \/>\n<link rel=\"canonical\" href=\"https:\/\/muscalasvillaspaxos.com\/it\/guida-turistica-di-paxos\/scopri-le-attivita-di-paxos\/\" \/>\n<meta property=\"og:locale\" content=\"it_IT\" \/>\n<meta property=\"og:type\" content=\"article\" \/>\n<meta property=\"og:title\" content=\"Scopri le attivit\u00e0 di Paxos - Paxos Ville con piscina privata\" \/>\n<meta property=\"og:description\" content=\"Scopri le attivit\u00e0 di Paxos. Puoi trovare una variet\u00e0 di attivit\u00e0 a Paxos. Dal camminare sull&#039;isola alle crociere in barca giornaliere.\" \/>\n<meta property=\"og:url\" content=\"https:\/\/muscalasvillaspaxos.com\/it\/guida-turistica-di-paxos\/scopri-le-attivita-di-paxos\/\" \/>\n<meta property=\"og:site_name\" content=\"Paxos Ville con piscina privata\" \/>\n<meta property=\"article:publisher\" content=\"https:\/\/www.facebook.com\/VillasMuscalas\/\" \/>\n<meta property=\"article:modified_time\" content=\"2023-07-29T21:49:59+00:00\" \/>\n<meta property=\"og:image\" content=\"https:\/\/muscalasvillaspaxos.com\/app\/uploads\/2023\/07\/paxos-activities-01.webp\" \/>\n\t<meta property=\"og:image:width\" content=\"1200\" \/>\n\t<meta property=\"og:image:height\" content=\"800\" \/>\n\t<meta property=\"og:image:type\" content=\"image\/webp\" \/>\n<meta name=\"twitter:card\" content=\"summary_large_image\" \/>\n<meta name=\"twitter:label1\" content=\"Tempo di lettura stimato\" \/>\n\t<meta name=\"twitter:data1\" content=\"1 minute\" \/>\n<script type=\"application\/ld+json\" class=\"yoast-schema-graph\">{\"@context\":\"https:\\\/\\\/schema.org\",\"@graph\":[{\"@type\":\"WebPage\",\"@id\":\"https:\\\/\\\/muscalasvillaspaxos.com\\\/it\\\/guida-turistica-di-paxos\\\/scopri-le-attivita-di-paxos\\\/\",\"url\":\"https:\\\/\\\/muscalasvillaspaxos.com\\\/it\\\/guida-turistica-di-paxos\\\/scopri-le-attivita-di-paxos\\\/\",\"name\":\"Scopri le attivit\u00e0 di Paxos - Paxos Ville con piscina privata\",\"isPartOf\":{\"@id\":\"https:\\\/\\\/muscalasvillaspaxos.com\\\/it\\\/#website\"},\"primaryImageOfPage\":{\"@id\":\"https:\\\/\\\/muscalasvillaspaxos.com\\\/it\\\/guida-turistica-di-paxos\\\/scopri-le-attivita-di-paxos\\\/#primaryimage\"},\"image\":{\"@id\":\"https:\\\/\\\/muscalasvillaspaxos.com\\\/it\\\/guida-turistica-di-paxos\\\/scopri-le-attivita-di-paxos\\\/#primaryimage\"},\"thumbnailUrl\":\"https:\\\/\\\/muscalasvillaspaxos.com\\\/app\\\/uploads\\\/2023\\\/07\\\/paxos-activities-01.webp\",\"datePublished\":\"2023-07-29T12:28:02+00:00\",\"dateModified\":\"2023-07-29T21:49:59+00:00\",\"description\":\"Scopri le attivit\u00e0 di Paxos. Puoi trovare una variet\u00e0 di attivit\u00e0 a Paxos. Dal camminare sull'isola alle crociere in barca giornaliere.\",\"breadcrumb\":{\"@id\":\"https:\\\/\\\/muscalasvillaspaxos.com\\\/it\\\/guida-turistica-di-paxos\\\/scopri-le-attivita-di-paxos\\\/#breadcrumb\"},\"inLanguage\":\"it-IT\",\"potentialAction\":[{\"@type\":\"ReadAction\",\"target\":[\"https:\\\/\\\/muscalasvillaspaxos.com\\\/it\\\/guida-turistica-di-paxos\\\/scopri-le-attivita-di-paxos\\\/\"]}]},{\"@type\":\"ImageObject\",\"inLanguage\":\"it-IT\",\"@id\":\"https:\\\/\\\/muscalasvillaspaxos.com\\\/it\\\/guida-turistica-di-paxos\\\/scopri-le-attivita-di-paxos\\\/#primaryimage\",\"url\":\"https:\\\/\\\/muscalasvillaspaxos.com\\\/app\\\/uploads\\\/2023\\\/07\\\/paxos-activities-01.webp\",\"contentUrl\":\"https:\\\/\\\/muscalasvillaspaxos.com\\\/app\\\/uploads\\\/2023\\\/07\\\/paxos-activities-01.webp\",\"width\":1200,\"height\":800,\"caption\":\"Paxos Activities\"},{\"@type\":\"BreadcrumbList\",\"@id\":\"https:\\\/\\\/muscalasvillaspaxos.com\\\/it\\\/guida-turistica-di-paxos\\\/scopri-le-attivita-di-paxos\\\/#breadcrumb\",\"itemListElement\":[{\"@type\":\"ListItem\",\"position\":1,\"name\":\"Home\",\"item\":\"https:\\\/\\\/muscalasvillaspaxos.com\\\/it\\\/\"},{\"@type\":\"ListItem\",\"position\":2,\"name\":\"Guida turistica di Paxos\",\"item\":\"https:\\\/\\\/muscalasvillaspaxos.com\\\/it\\\/guida-turistica-di-paxos\\\/\"},{\"@type\":\"ListItem\",\"position\":3,\"name\":\"Scopri le attivit\u00e0 di Paxos\"}]},{\"@type\":\"WebSite\",\"@id\":\"https:\\\/\\\/muscalasvillaspaxos.com\\\/it\\\/#website\",\"url\":\"https:\\\/\\\/muscalasvillaspaxos.com\\\/it\\\/\",\"name\":\"Paxos Private Pool Villas\",\"description\":\"Luxury Seaside Muscalas Villas\",\"potentialAction\":[{\"@type\":\"SearchAction\",\"target\":{\"@type\":\"EntryPoint\",\"urlTemplate\":\"https:\\\/\\\/muscalasvillaspaxos.com\\\/it\\\/?s={search_term_string}\"},\"query-input\":{\"@type\":\"PropertyValueSpecification\",\"valueRequired\":true,\"valueName\":\"search_term_string\"}}],\"inLanguage\":\"it-IT\"}]}<\/script>\n<!-- \/ Yoast SEO plugin. -->","yoast_head_json":{"title":"Scopri le attivit\u00e0 di Paxos - Paxos Ville con piscina privata","description":"Scopri le attivit\u00e0 di Paxos. Puoi trovare una variet\u00e0 di attivit\u00e0 a Paxos. Dal camminare sull'isola alle crociere in barca giornaliere.","robots":{"index":"index","follow":"follow","max-snippet":"max-snippet:-1","max-image-preview":"max-image-preview:large","max-video-preview":"max-video-preview:-1"},"canonical":"https:\/\/muscalasvillaspaxos.com\/it\/guida-turistica-di-paxos\/scopri-le-attivita-di-paxos\/","og_locale":"it_IT","og_type":"article","og_title":"Scopri le attivit\u00e0 di Paxos - Paxos Ville con piscina privata","og_description":"Scopri le attivit\u00e0 di Paxos. Puoi trovare una variet\u00e0 di attivit\u00e0 a Paxos. Dal camminare sull'isola alle crociere in barca giornaliere.","og_url":"https:\/\/muscalasvillaspaxos.com\/it\/guida-turistica-di-paxos\/scopri-le-attivita-di-paxos\/","og_site_name":"Paxos Ville con piscina privata","article_publisher":"https:\/\/www.facebook.com\/VillasMuscalas\/","article_modified_time":"2023-07-29T21:49:59+00:00","og_image":[{"width":1200,"height":800,"url":"https:\/\/muscalasvillaspaxos.com\/app\/uploads\/2023\/07\/paxos-activities-01.webp","type":"image\/webp"}],"twitter_card":"summary_large_image","twitter_misc":{"Tempo di lettura stimato":"1 minute"},"schema":{"@context":"https:\/\/schema.org","@graph":[{"@type":"WebPage","@id":"https:\/\/muscalasvillaspaxos.com\/it\/guida-turistica-di-paxos\/scopri-le-attivita-di-paxos\/","url":"https:\/\/muscalasvillaspaxos.com\/it\/guida-turistica-di-paxos\/scopri-le-attivita-di-paxos\/","name":"Scopri le attivit\u00e0 di Paxos - Paxos Ville con piscina privata","isPartOf":{"@id":"https:\/\/muscalasvillaspaxos.com\/it\/#website"},"primaryImageOfPage":{"@id":"https:\/\/muscalasvillaspaxos.com\/it\/guida-turistica-di-paxos\/scopri-le-attivita-di-paxos\/#primaryimage"},"image":{"@id":"https:\/\/muscalasvillaspaxos.com\/it\/guida-turistica-di-paxos\/scopri-le-attivita-di-paxos\/#primaryimage"},"thumbnailUrl":"https:\/\/muscalasvillaspaxos.com\/app\/uploads\/2023\/07\/paxos-activities-01.webp","datePublished":"2023-07-29T12:28:02+00:00","dateModified":"2023-07-29T21:49:59+00:00","description":"Scopri le attivit\u00e0 di Paxos. Puoi trovare una variet\u00e0 di attivit\u00e0 a Paxos. Dal camminare sull'isola alle crociere in barca giornaliere.","breadcrumb":{"@id":"https:\/\/muscalasvillaspaxos.com\/it\/guida-turistica-di-paxos\/scopri-le-attivita-di-paxos\/#breadcrumb"},"inLanguage":"it-IT","potentialAction":[{"@type":"ReadAction","target":["https:\/\/muscalasvillaspaxos.com\/it\/guida-turistica-di-paxos\/scopri-le-attivita-di-paxos\/"]}]},{"@type":"ImageObject","inLanguage":"it-IT","@id":"https:\/\/muscalasvillaspaxos.com\/it\/guida-turistica-di-paxos\/scopri-le-attivita-di-paxos\/#primaryimage","url":"https:\/\/muscalasvillaspaxos.com\/app\/uploads\/2023\/07\/paxos-activities-01.webp","contentUrl":"https:\/\/muscalasvillaspaxos.com\/app\/uploads\/2023\/07\/paxos-activities-01.webp","width":1200,"height":800,"caption":"Paxos Activities"},{"@type":"BreadcrumbList","@id":"https:\/\/muscalasvillaspaxos.com\/it\/guida-turistica-di-paxos\/scopri-le-attivita-di-paxos\/#breadcrumb","itemListElement":[{"@type":"ListItem","position":1,"name":"Home","item":"https:\/\/muscalasvillaspaxos.com\/it\/"},{"@type":"ListItem","position":2,"name":"Guida turistica di Paxos","item":"https:\/\/muscalasvillaspaxos.com\/it\/guida-turistica-di-paxos\/"},{"@type":"ListItem","position":3,"name":"Scopri le attivit\u00e0 di Paxos"}]},{"@type":"WebSite","@id":"https:\/\/muscalasvillaspaxos.com\/it\/#website","url":"https:\/\/muscalasvillaspaxos.com\/it\/","name":"Paxos Private Pool Villas","description":"Luxury Seaside Muscalas Villas","potentialAction":[{"@type":"SearchAction","target":{"@type":"EntryPoint","urlTemplate":"https:\/\/muscalasvillaspaxos.com\/it\/?s={search_term_string}"},"query-input":{"@type":"PropertyValueSpecification","valueRequired":true,"valueName":"search_term_string"}}],"inLanguage":"it-IT"}]}},"_links":{"self":[{"href":"https:\/\/muscalasvillaspaxos.com\/it\/wp-json\/wp\/v2\/pages\/4313","targetHints":{"allow":["GET"]}}],"collection":[{"href":"https:\/\/muscalasvillaspaxos.com\/it\/wp-json\/wp\/v2\/pages"}],"about":[{"href":"https:\/\/muscalasvillaspaxos.com\/it\/wp-json\/wp\/v2\/types\/page"}],"author":[{"embeddable":true,"href":"https:\/\/muscalasvillaspaxos.com\/it\/wp-json\/wp\/v2\/users\/1"}],"replies":[{"embeddable":true,"href":"https:\/\/muscalasvillaspaxos.com\/it\/wp-json\/wp\/v2\/comments?post=4313"}],"version-history":[{"count":9,"href":"https:\/\/muscalasvillaspaxos.com\/it\/wp-json\/wp\/v2\/pages\/4313\/revisions"}],"predecessor-version":[{"id":4502,"href":"https:\/\/muscalasvillaspaxos.com\/it\/wp-json\/wp\/v2\/pages\/4313\/revisions\/4502"}],"up":[{"embeddable":true,"href":"https:\/\/muscalasvillaspaxos.com\/it\/wp-json\/wp\/v2\/pages\/4309"}],"wp:featuredmedia":[{"embeddable":true,"href":"https:\/\/muscalasvillaspaxos.com\/it\/wp-json\/wp\/v2\/media\/4138"}],"wp:attachment":[{"href":"https:\/\/muscalasvillaspaxos.com\/it\/wp-json\/wp\/v2\/media?parent=4313"}],"curies":[{"name":"wp","href":"https:\/\/api.w.org\/{rel}","templated":true}]}}