{"id":4325,"date":"2023-07-29T15:34:50","date_gmt":"2023-07-29T12:34:50","guid":{"rendered":"https:\/\/muscalasvillaspaxos.com\/?page_id=4325"},"modified":"2023-07-29T22:07:15","modified_gmt":"2023-07-29T19:07:15","slug":"corfu-a-paxos","status":"publish","type":"page","link":"https:\/\/muscalasvillaspaxos.com\/it\/guida-turistica-di-paxos\/informazioni-sui-trasporti-di-paxos\/corfu-a-paxos\/","title":{"rendered":"Corfu a Paxos"},"content":{"rendered":"\n<section class=\"mtv_hero_section \">\n  <div class=\"image_wrap\"><img decoding=\"async\" src=\"https:\/\/muscalasvillaspaxos.com\/app\/uploads\/2023\/07\/corfu-to-paxos-04.webp\" srcset=\"https:\/\/muscalasvillaspaxos.com\/app\/uploads\/2023\/07\/corfu-to-paxos-04.webp 1200w, https:\/\/muscalasvillaspaxos.com\/app\/uploads\/2023\/07\/corfu-to-paxos-04-300x200.webp 300w, https:\/\/muscalasvillaspaxos.com\/app\/uploads\/2023\/07\/corfu-to-paxos-04-1024x683.webp 1024w, https:\/\/muscalasvillaspaxos.com\/app\/uploads\/2023\/07\/corfu-to-paxos-04-768x512.webp 768w, https:\/\/muscalasvillaspaxos.com\/app\/uploads\/2023\/07\/corfu-to-paxos-04-600x400.webp 600w, https:\/\/muscalasvillaspaxos.com\/app\/uploads\/2023\/07\/corfu-to-paxos-04-900x600.webp 900w\" style=\"0\" class=\"cover\" \/><\/div>  <div class=\"opacity\"><\/div>\n  \n<div class=\"content_wrap motivar_wrap\">\n      <div class=\"info_container\">\n        <div class=\"title\"><h1>Corfu a Paxos<\/h1>\n          <div class=\"mtv_breadcrumb\"><span><span><a href=\"https:\/\/muscalasvillaspaxos.com\/it\/\">Home<\/a><\/span><\/span><\/div>\n        <\/div>\n        <div class=\"mtv_share\">\n        <\/div>\n      <\/div>\n    <\/div>\n<div class=\"mtv_bottom_row\">\n <div class=\"mtv_bottom_wrap motivar_wrap\">\n  <div class=\"col_left\"><section id=\"block-3\" class=\"widget widget_block\"><p>\n  <div class=\"mtv_social\">\n      <a href=\"https:\/\/www.facebook.com\/VillasMuscalas\/\" target=\"_blank\">\n\t\t\t\t\t\t\t\t<span class=\"mtv_hidden\">social media facebook<\/span>\n\t\t\t\t\t\t\t\t<span class=\"icon fa-brands fa-facebook\"><\/span>\n      <\/a>\n      <a href=\"https:\/\/www.instagram.com\/villasmuscalas\/?hl=en\" target=\"_blank\">\n\t\t\t\t\t\t\t\t<span class=\"mtv_hidden\">social media instagram<\/span>\n\t\t\t\t\t\t\t\t<span class=\"icon fa-brands fa-instagram\"><\/span>\n      <\/a>\n      <a href=\"https:\/\/goo.gl\/maps\/jKEbehtYf1TSpQYu6\" target=\"_blank\">\n\t\t\t\t\t\t\t\t<span class=\"mtv_hidden\">social media google<\/span>\n\t\t\t\t\t\t\t\t<span class=\"icon fa-brands fa-google\"><\/span>\n      <\/a>\n      <a href=\"https:\/\/www.tripadvisor.com\/VacationRentalReview-g1402870-d10759550-Luxury_Private_Pool_Villa_in_Monodendri_Beach_Villas_Muscalas_Petra-Lakka_Paxos_Ioni.html\" target=\"_blank\">\n        <span class=\"icon mtv-icon-tripadvisor\"><\/span>\n      <\/a>\n  <\/div><\/p>\n<\/section>\n  <\/div>\n  <div class=\"col_center\">  <div class=\"icon mtv-icon-scroll-down\" onclick=\"mtv_scroll_to('#main_info', '0')\" style=\"cursor:pointer;\"><\/div>\n  <div class=\"scroll_text\" onclick=\"mtv_scroll_to('#main_info', '0')\" style=\"margin-top:10px; cursor:pointer;\">SCROLL DOWN<\/div>\n\n  <\/div>\n  <div class=\"col_right\">\n   <a href=\"tel:306971894822\" target=\"_blank\">\n    <span class=\"icon mtv-icon-telephone\"><\/span>\n    <span class=\"text\">+30 697 1894 822<\/span>\n   <\/a>\n  <\/div>\n <\/div>\n<\/div><\/section>\n\n\n\n<div class=\"wp-block-columns half_half motivar_wrap mtv_padding omega_info_section is-layout-flex wp-container-core-columns-is-layout-9d6595d7 wp-block-columns-is-layout-flex\" id=\"main_info\">\n<div class=\"wp-block-column is-vertically-aligned-center col_left text_col reveal_text is-layout-flow wp-block-column-is-layout-flow\">\n<p>Paxos \u00e8 una piccola isola nel Mar Ionio, a soli sette miglia a sud di Corf\u00f9. Paxos non ha il suo aeroporto e i visitatori devono arrivare tramite Corf\u00f9, che \u00e8 collegata a diverse citt\u00e0 europee con voli charter durante la stagione estiva. Le compagnie che operano voli charter sono Aegean, Olympic, Easyjet, Monarch, Thomas Cook, Thomson, Transavia, Air Berlin.<\/p>\n\n\n\n<p>Dopo quel punto, puoi facilmente raggiungere Paxos tramite aliscafo o taxi marino. Dopo il tuo arrivo a Corf\u00f9, puoi prendere un taxi per il &#8216;Nuovo Porto&#8217; da dove partono i taxi marini e gli aliscafi per Paxos. Il viaggio dura solo circa 10 minuti e costa 10-12 euro. Il viaggio verso Paxos impiega circa un&#8217;ora con l&#8217;aliscafo, che pu\u00f2 ospitare fino a 100 passeggeri.<\/p>\n\n\n\n<p>C&#8217;\u00e8 anche un traghetto lento chiamato &#8216;Zanadu&#8217; che impiega circa due ore. Appena arrivi al porto di Paxos, ci sono diversi taxi disponibili per portarti alla propriet\u00e0 di Ville Muscalas. Informazioni su orari, costi e prenotazioni possono essere fornite al seguente indirizzo:<\/p>\n\n\n\n<ul class=\"wp-block-list\">\n<li>Aliscafo Corf\u00f9-Paxos Bouas &#8220;Ilida II&#8221;&nbsp;<a href=\"tel: 00302661049800\">tel: 00302661049800<\/a>&nbsp;or fax 26610-44004<\/li>\n\n\n\n<li>Aliscafo Paxos-Corf\u00f9 Bouas &#8220;Ilida II&#8221;&nbsp;<a href=\"tel: 00302661032401\">tel: 00302661032401<\/a>&nbsp;or fax 26620-32610<\/li>\n<\/ul>\n\n\n\n<p>Il viaggio in barca veloce &#8220;Despina&#8221; impiega circa 1 ora e 30 minuti per portarti a Paxos. Informazioni di seguito:<\/p>\n\n\n\n<p>Corfu-Paxos Kamelia lines &#8220;Despina&#8221;&nbsp;<a href=\"tel: 00302661040372\">tel: 00302661040372<\/a><\/p>\n<\/div>\n\n\n\n<div class=\"wp-block-column is-vertically-aligned-center col_right text_col reveal_text is-layout-flow wp-block-column-is-layout-flow\">\n<p>Paxos \u00e8 collegata a Igoumenitsa tramite traghetti. Per ulteriori informazioni sulle rotte, contattare:<\/p>\n\n\n\n<p>Dal porto di Igoumenitsa F\/B KERKYRA:&nbsp;<a href=\"tel: 00302665025908\">tel: 00302665025908<\/a>&nbsp;o clicca &#8220;Ionion Lines&#8221;<br>Dal porto di Igoumenitsa AGIOS PANTELEHMON&nbsp;<a href=\"tel: 00302665024090\">tel: 00302665024090<\/a>&nbsp;\/&nbsp;<a href=\"tel: 00302661026280\">tel: 00302661026280<\/a>&nbsp;oppure cerca su google: &#8220;Corfu ferries&#8221;<br>Da Paxos a Igoumenitsa: &nbsp;F\/B KERKYRA&nbsp;<a href=\"tel: 00302662032269\">tel: 00302662032269<\/a><br>Da Paxos a Igoumenitsa: AGIOS PANTELEHMON&nbsp;<a href=\"tel: 00302662032114\">tel: 00302662032114<\/a>&nbsp;\/&nbsp;<a href=\"tel: 00302662032772\">tel: 00302662032772<\/a><\/p>\n\n\n\n<p>Se desideri, possiamo organizzare un trasferimento dall&#8217;aeroporto internazionale di Corf\u00f9 a Ville Muscalas.<\/p>\n\n\n\n<p><strong><a href=\"https:\/\/muscalasvillaspaxos.com\/it\/servizi-villa-con-piscina-privata\/corfu-a-muscalas\/\">Maggiori informazioni qui<\/a><\/strong><\/p>\n\n\n\n<p><strong>Servizio taxi marittimo privato<\/strong><\/p>\n\n\n\n<p>Se sei un gruppo numeroso e desideri viaggiare comodamente, o se vuoi prendere un volo o in caso di emergenza, ci sono taxi marini a Lakka, Loggos e Gaios.<\/p>\n\n\n\n<p><strong>Nikos Anemogiannis&nbsp;<\/strong><a href=\"tel: 00306932232072\">tel: 00306932232072<\/a><\/p>\n\n\n\n<p><strong>Andreas \/ Nikos (Fassoulias Lines)&nbsp;<\/strong><a href=\"tel: 00306977623033\">tel: 00306977623033<\/a><\/p>\n\n\n\n<p><strong>Tasos&nbsp;<\/strong><a href=\"tel: 00306944832964\">tel: 00306944832964<\/a><\/p>\n<\/div>\n<\/div>\n\n\n\n<div class=\"wp-block-group mtv_padding motivar_wrap\"><div class=\"wp-block-group__inner-container is-layout-constrained wp-block-group-is-layout-constrained\"><div class=\"mtv_gallery flx-photoswipe\" data-target=\".gallery_item a\">\n    <div class=\"mtv_masonry\" data-target_msnry=\".gallery_item\">\n    \n        <div class=\"gallery_item scrolled_item\">\n          <div class=\"item_wrap\">\n          <a href=\"https:\/\/muscalasvillaspaxos.com\/app\/uploads\/2023\/07\/corfu-to-paxos-04.webp\" data-pswp-src=\"https:\/\/muscalasvillaspaxos.com\/app\/uploads\/2023\/07\/corfu-to-paxos-04.webp\" data-pswp-width=\"1200\" data-pswp-height=\"800\" data-pswp-srcset=\"https:\/\/muscalasvillaspaxos.com\/app\/uploads\/2023\/07\/corfu-to-paxos-04.webp 1200w, https:\/\/muscalasvillaspaxos.com\/app\/uploads\/2023\/07\/corfu-to-paxos-04-300x200.webp 300w, https:\/\/muscalasvillaspaxos.com\/app\/uploads\/2023\/07\/corfu-to-paxos-04-1024x683.webp 1024w, https:\/\/muscalasvillaspaxos.com\/app\/uploads\/2023\/07\/corfu-to-paxos-04-768x512.webp 768w, https:\/\/muscalasvillaspaxos.com\/app\/uploads\/2023\/07\/corfu-to-paxos-04-600x400.webp 600w, https:\/\/muscalasvillaspaxos.com\/app\/uploads\/2023\/07\/corfu-to-paxos-04-900x600.webp 900w\" target=\"_blank\" class=\"flx-img-wrapper\"><img decoding=\"async\" src=\"https:\/\/muscalasvillaspaxos.com\/app\/uploads\/2023\/07\/corfu-to-paxos-04-1024x683.webp\" srcset=\"https:\/\/muscalasvillaspaxos.com\/app\/uploads\/2023\/07\/corfu-to-paxos-04-1024x683.webp 1024w, https:\/\/muscalasvillaspaxos.com\/app\/uploads\/2023\/07\/corfu-to-paxos-04-300x200.webp 300w, https:\/\/muscalasvillaspaxos.com\/app\/uploads\/2023\/07\/corfu-to-paxos-04-768x512.webp 768w, https:\/\/muscalasvillaspaxos.com\/app\/uploads\/2023\/07\/corfu-to-paxos-04-600x400.webp 600w, https:\/\/muscalasvillaspaxos.com\/app\/uploads\/2023\/07\/corfu-to-paxos-04-900x600.webp 900w, https:\/\/muscalasvillaspaxos.com\/app\/uploads\/2023\/07\/corfu-to-paxos-04.webp 1200w\" alt=\"corfu to paxos 04\" class=\"photoswipe\" \/><\/a>\n          <\/div>\n        <\/div>\n        <div class=\"gallery_item scrolled_item\">\n          <div class=\"item_wrap\">\n          <a href=\"https:\/\/muscalasvillaspaxos.com\/app\/uploads\/2023\/07\/corfu-to-paxos-01.webp\" data-pswp-src=\"https:\/\/muscalasvillaspaxos.com\/app\/uploads\/2023\/07\/corfu-to-paxos-01.webp\" data-pswp-width=\"1200\" data-pswp-height=\"800\" data-pswp-srcset=\"https:\/\/muscalasvillaspaxos.com\/app\/uploads\/2023\/07\/corfu-to-paxos-01.webp 1200w, https:\/\/muscalasvillaspaxos.com\/app\/uploads\/2023\/07\/corfu-to-paxos-01-300x200.webp 300w, https:\/\/muscalasvillaspaxos.com\/app\/uploads\/2023\/07\/corfu-to-paxos-01-1024x683.webp 1024w, https:\/\/muscalasvillaspaxos.com\/app\/uploads\/2023\/07\/corfu-to-paxos-01-768x512.webp 768w, https:\/\/muscalasvillaspaxos.com\/app\/uploads\/2023\/07\/corfu-to-paxos-01-600x400.webp 600w, https:\/\/muscalasvillaspaxos.com\/app\/uploads\/2023\/07\/corfu-to-paxos-01-900x600.webp 900w\" target=\"_blank\" class=\"flx-img-wrapper\"><img decoding=\"async\" src=\"https:\/\/muscalasvillaspaxos.com\/app\/uploads\/2023\/07\/corfu-to-paxos-01-1024x683.webp\" srcset=\"https:\/\/muscalasvillaspaxos.com\/app\/uploads\/2023\/07\/corfu-to-paxos-01-1024x683.webp 1024w, https:\/\/muscalasvillaspaxos.com\/app\/uploads\/2023\/07\/corfu-to-paxos-01-300x200.webp 300w, https:\/\/muscalasvillaspaxos.com\/app\/uploads\/2023\/07\/corfu-to-paxos-01-768x512.webp 768w, https:\/\/muscalasvillaspaxos.com\/app\/uploads\/2023\/07\/corfu-to-paxos-01-600x400.webp 600w, https:\/\/muscalasvillaspaxos.com\/app\/uploads\/2023\/07\/corfu-to-paxos-01-900x600.webp 900w, https:\/\/muscalasvillaspaxos.com\/app\/uploads\/2023\/07\/corfu-to-paxos-01.webp 1200w\" alt=\"corfu to paxos 01\" class=\"photoswipe\" \/><\/a>\n          <\/div>\n        <\/div>\n        <div class=\"gallery_item scrolled_item\">\n          <div class=\"item_wrap\">\n          <a href=\"https:\/\/muscalasvillaspaxos.com\/app\/uploads\/2023\/07\/corfu-to-paxos-03.webp\" data-pswp-src=\"https:\/\/muscalasvillaspaxos.com\/app\/uploads\/2023\/07\/corfu-to-paxos-03.webp\" data-pswp-width=\"1200\" data-pswp-height=\"800\" data-pswp-srcset=\"https:\/\/muscalasvillaspaxos.com\/app\/uploads\/2023\/07\/corfu-to-paxos-03.webp 1200w, https:\/\/muscalasvillaspaxos.com\/app\/uploads\/2023\/07\/corfu-to-paxos-03-300x200.webp 300w, https:\/\/muscalasvillaspaxos.com\/app\/uploads\/2023\/07\/corfu-to-paxos-03-1024x683.webp 1024w, https:\/\/muscalasvillaspaxos.com\/app\/uploads\/2023\/07\/corfu-to-paxos-03-768x512.webp 768w, https:\/\/muscalasvillaspaxos.com\/app\/uploads\/2023\/07\/corfu-to-paxos-03-600x400.webp 600w, https:\/\/muscalasvillaspaxos.com\/app\/uploads\/2023\/07\/corfu-to-paxos-03-900x600.webp 900w\" target=\"_blank\" class=\"flx-img-wrapper\"><img decoding=\"async\" src=\"https:\/\/muscalasvillaspaxos.com\/app\/uploads\/2023\/07\/corfu-to-paxos-03-1024x683.webp\" srcset=\"https:\/\/muscalasvillaspaxos.com\/app\/uploads\/2023\/07\/corfu-to-paxos-03-1024x683.webp 1024w, https:\/\/muscalasvillaspaxos.com\/app\/uploads\/2023\/07\/corfu-to-paxos-03-300x200.webp 300w, https:\/\/muscalasvillaspaxos.com\/app\/uploads\/2023\/07\/corfu-to-paxos-03-768x512.webp 768w, https:\/\/muscalasvillaspaxos.com\/app\/uploads\/2023\/07\/corfu-to-paxos-03-600x400.webp 600w, https:\/\/muscalasvillaspaxos.com\/app\/uploads\/2023\/07\/corfu-to-paxos-03-900x600.webp 900w, https:\/\/muscalasvillaspaxos.com\/app\/uploads\/2023\/07\/corfu-to-paxos-03.webp 1200w\" alt=\"corfu to paxos 03\" class=\"photoswipe\" \/><\/a>\n          <\/div>\n        <\/div>\n        <div class=\"gallery_item scrolled_item\">\n          <div class=\"item_wrap\">\n          <a href=\"https:\/\/muscalasvillaspaxos.com\/app\/uploads\/2023\/07\/corfu-to-paxos-02.webp\" data-pswp-src=\"https:\/\/muscalasvillaspaxos.com\/app\/uploads\/2023\/07\/corfu-to-paxos-02.webp\" data-pswp-width=\"1200\" data-pswp-height=\"800\" data-pswp-srcset=\"https:\/\/muscalasvillaspaxos.com\/app\/uploads\/2023\/07\/corfu-to-paxos-02.webp 1200w, https:\/\/muscalasvillaspaxos.com\/app\/uploads\/2023\/07\/corfu-to-paxos-02-300x200.webp 300w, https:\/\/muscalasvillaspaxos.com\/app\/uploads\/2023\/07\/corfu-to-paxos-02-1024x683.webp 1024w, https:\/\/muscalasvillaspaxos.com\/app\/uploads\/2023\/07\/corfu-to-paxos-02-768x512.webp 768w, https:\/\/muscalasvillaspaxos.com\/app\/uploads\/2023\/07\/corfu-to-paxos-02-600x400.webp 600w, https:\/\/muscalasvillaspaxos.com\/app\/uploads\/2023\/07\/corfu-to-paxos-02-900x600.webp 900w\" target=\"_blank\" class=\"flx-img-wrapper\"><img decoding=\"async\" src=\"https:\/\/muscalasvillaspaxos.com\/app\/uploads\/2023\/07\/corfu-to-paxos-02-1024x683.webp\" srcset=\"https:\/\/muscalasvillaspaxos.com\/app\/uploads\/2023\/07\/corfu-to-paxos-02-1024x683.webp 1024w, https:\/\/muscalasvillaspaxos.com\/app\/uploads\/2023\/07\/corfu-to-paxos-02-300x200.webp 300w, https:\/\/muscalasvillaspaxos.com\/app\/uploads\/2023\/07\/corfu-to-paxos-02-768x512.webp 768w, https:\/\/muscalasvillaspaxos.com\/app\/uploads\/2023\/07\/corfu-to-paxos-02-600x400.webp 600w, https:\/\/muscalasvillaspaxos.com\/app\/uploads\/2023\/07\/corfu-to-paxos-02-900x600.webp 900w, https:\/\/muscalasvillaspaxos.com\/app\/uploads\/2023\/07\/corfu-to-paxos-02.webp 1200w\" alt=\"corfu to paxos 02\" class=\"photoswipe\" \/><\/a>\n          <\/div>\n        <\/div>   <\/div>\n   <\/div>\n<\/div><\/div>\n","protected":false},"excerpt":{"rendered":"<p>Paxos \u00e8 una piccola isola nel Mar Ionio, a soli sette miglia a sud di Corf\u00f9. Paxos non ha il suo aeroporto e i visitatori devono arrivare tramite Corf\u00f9, che \u00e8 collegata a diverse citt\u00e0 europee con voli charter durante la stagione estiva. Le compagnie che operano voli charter sono Aegean, Olympic, Easyjet, Monarch, Thomas [&hellip;]<\/p>\n","protected":false},"author":1,"featured_media":4169,"parent":4312,"menu_order":0,"comment_status":"closed","ping_status":"closed","template":"","meta":{"footnotes":""},"class_list":["post-4325","page","type-page","status-publish","has-post-thumbnail","hentry"],"yoast_head":"<!-- This site is optimized with the Yoast SEO plugin v27.4 - https:\/\/yoast.com\/product\/yoast-seo-wordpress\/ -->\n<title>Corfu a Paxos - Paxos Ville con piscina privata<\/title>\n<meta name=\"description\" content=\"Corfu a Paxos. Paxos Ville con Piscina Privata. Ci sono molti modi per spostarsi tra l&#039;isola di Paxos e Corf\u00f9 e viceversa. Dai un&#039;occhiata.\" \/>\n<meta name=\"robots\" content=\"index, follow, max-snippet:-1, max-image-preview:large, max-video-preview:-1\" \/>\n<link rel=\"canonical\" href=\"https:\/\/muscalasvillaspaxos.com\/it\/guida-turistica-di-paxos\/informazioni-sui-trasporti-di-paxos\/corfu-a-paxos\/\" \/>\n<meta property=\"og:locale\" content=\"it_IT\" \/>\n<meta property=\"og:type\" content=\"article\" \/>\n<meta property=\"og:title\" content=\"Corfu a Paxos - Paxos Ville con piscina privata\" \/>\n<meta property=\"og:description\" content=\"Corfu a Paxos. Paxos Ville con Piscina Privata. Ci sono molti modi per spostarsi tra l&#039;isola di Paxos e Corf\u00f9 e viceversa. Dai un&#039;occhiata.\" \/>\n<meta property=\"og:url\" content=\"https:\/\/muscalasvillaspaxos.com\/it\/guida-turistica-di-paxos\/informazioni-sui-trasporti-di-paxos\/corfu-a-paxos\/\" \/>\n<meta property=\"og:site_name\" content=\"Paxos Ville con piscina privata\" \/>\n<meta property=\"article:publisher\" content=\"https:\/\/www.facebook.com\/VillasMuscalas\/\" \/>\n<meta property=\"article:modified_time\" content=\"2023-07-29T19:07:15+00:00\" \/>\n<meta property=\"og:image\" content=\"https:\/\/muscalasvillaspaxos.com\/app\/uploads\/2023\/07\/corfu-to-paxos-04.webp\" \/>\n\t<meta property=\"og:image:width\" content=\"1200\" \/>\n\t<meta property=\"og:image:height\" content=\"800\" \/>\n\t<meta property=\"og:image:type\" content=\"image\/webp\" \/>\n<meta name=\"twitter:card\" content=\"summary_large_image\" \/>\n<meta name=\"twitter:label1\" content=\"Tempo di lettura stimato\" \/>\n\t<meta name=\"twitter:data1\" content=\"2 minutes\" \/>\n<script type=\"application\/ld+json\" class=\"yoast-schema-graph\">{\"@context\":\"https:\\\/\\\/schema.org\",\"@graph\":[{\"@type\":\"WebPage\",\"@id\":\"https:\\\/\\\/muscalasvillaspaxos.com\\\/it\\\/guida-turistica-di-paxos\\\/informazioni-sui-trasporti-di-paxos\\\/corfu-a-paxos\\\/\",\"url\":\"https:\\\/\\\/muscalasvillaspaxos.com\\\/it\\\/guida-turistica-di-paxos\\\/informazioni-sui-trasporti-di-paxos\\\/corfu-a-paxos\\\/\",\"name\":\"Corfu a Paxos - Paxos Ville con piscina privata\",\"isPartOf\":{\"@id\":\"https:\\\/\\\/muscalasvillaspaxos.com\\\/it\\\/#website\"},\"primaryImageOfPage\":{\"@id\":\"https:\\\/\\\/muscalasvillaspaxos.com\\\/it\\\/guida-turistica-di-paxos\\\/informazioni-sui-trasporti-di-paxos\\\/corfu-a-paxos\\\/#primaryimage\"},\"image\":{\"@id\":\"https:\\\/\\\/muscalasvillaspaxos.com\\\/it\\\/guida-turistica-di-paxos\\\/informazioni-sui-trasporti-di-paxos\\\/corfu-a-paxos\\\/#primaryimage\"},\"thumbnailUrl\":\"https:\\\/\\\/muscalasvillaspaxos.com\\\/app\\\/uploads\\\/2023\\\/07\\\/corfu-to-paxos-04.webp\",\"datePublished\":\"2023-07-29T12:34:50+00:00\",\"dateModified\":\"2023-07-29T19:07:15+00:00\",\"description\":\"Corfu a Paxos. Paxos Ville con Piscina Privata. Ci sono molti modi per spostarsi tra l'isola di Paxos e Corf\u00f9 e viceversa. Dai un'occhiata.\",\"breadcrumb\":{\"@id\":\"https:\\\/\\\/muscalasvillaspaxos.com\\\/it\\\/guida-turistica-di-paxos\\\/informazioni-sui-trasporti-di-paxos\\\/corfu-a-paxos\\\/#breadcrumb\"},\"inLanguage\":\"it-IT\",\"potentialAction\":[{\"@type\":\"ReadAction\",\"target\":[\"https:\\\/\\\/muscalasvillaspaxos.com\\\/it\\\/guida-turistica-di-paxos\\\/informazioni-sui-trasporti-di-paxos\\\/corfu-a-paxos\\\/\"]}]},{\"@type\":\"ImageObject\",\"inLanguage\":\"it-IT\",\"@id\":\"https:\\\/\\\/muscalasvillaspaxos.com\\\/it\\\/guida-turistica-di-paxos\\\/informazioni-sui-trasporti-di-paxos\\\/corfu-a-paxos\\\/#primaryimage\",\"url\":\"https:\\\/\\\/muscalasvillaspaxos.com\\\/app\\\/uploads\\\/2023\\\/07\\\/corfu-to-paxos-04.webp\",\"contentUrl\":\"https:\\\/\\\/muscalasvillaspaxos.com\\\/app\\\/uploads\\\/2023\\\/07\\\/corfu-to-paxos-04.webp\",\"width\":1200,\"height\":800,\"caption\":\"Corfu to Paxos\"},{\"@type\":\"BreadcrumbList\",\"@id\":\"https:\\\/\\\/muscalasvillaspaxos.com\\\/it\\\/guida-turistica-di-paxos\\\/informazioni-sui-trasporti-di-paxos\\\/corfu-a-paxos\\\/#breadcrumb\",\"itemListElement\":[{\"@type\":\"ListItem\",\"position\":1,\"name\":\"Home\",\"item\":\"https:\\\/\\\/muscalasvillaspaxos.com\\\/it\\\/\"},{\"@type\":\"ListItem\",\"position\":2,\"name\":\"Guida turistica di Paxos\",\"item\":\"https:\\\/\\\/muscalasvillaspaxos.com\\\/it\\\/guida-turistica-di-paxos\\\/\"},{\"@type\":\"ListItem\",\"position\":3,\"name\":\"Informazioni sui trasporti di Paxos\",\"item\":\"https:\\\/\\\/muscalasvillaspaxos.com\\\/it\\\/guida-turistica-di-paxos\\\/informazioni-sui-trasporti-di-paxos\\\/\"},{\"@type\":\"ListItem\",\"position\":4,\"name\":\"Corfu a Paxos\"}]},{\"@type\":\"WebSite\",\"@id\":\"https:\\\/\\\/muscalasvillaspaxos.com\\\/it\\\/#website\",\"url\":\"https:\\\/\\\/muscalasvillaspaxos.com\\\/it\\\/\",\"name\":\"Paxos Private Pool Villas\",\"description\":\"Luxury Seaside Muscalas Villas\",\"potentialAction\":[{\"@type\":\"SearchAction\",\"target\":{\"@type\":\"EntryPoint\",\"urlTemplate\":\"https:\\\/\\\/muscalasvillaspaxos.com\\\/it\\\/?s={search_term_string}\"},\"query-input\":{\"@type\":\"PropertyValueSpecification\",\"valueRequired\":true,\"valueName\":\"search_term_string\"}}],\"inLanguage\":\"it-IT\"}]}<\/script>\n<!-- \/ Yoast SEO plugin. -->","yoast_head_json":{"title":"Corfu a Paxos - Paxos Ville con piscina privata","description":"Corfu a Paxos. Paxos Ville con Piscina Privata. Ci sono molti modi per spostarsi tra l'isola di Paxos e Corf\u00f9 e viceversa. Dai un'occhiata.","robots":{"index":"index","follow":"follow","max-snippet":"max-snippet:-1","max-image-preview":"max-image-preview:large","max-video-preview":"max-video-preview:-1"},"canonical":"https:\/\/muscalasvillaspaxos.com\/it\/guida-turistica-di-paxos\/informazioni-sui-trasporti-di-paxos\/corfu-a-paxos\/","og_locale":"it_IT","og_type":"article","og_title":"Corfu a Paxos - Paxos Ville con piscina privata","og_description":"Corfu a Paxos. Paxos Ville con Piscina Privata. Ci sono molti modi per spostarsi tra l'isola di Paxos e Corf\u00f9 e viceversa. Dai un'occhiata.","og_url":"https:\/\/muscalasvillaspaxos.com\/it\/guida-turistica-di-paxos\/informazioni-sui-trasporti-di-paxos\/corfu-a-paxos\/","og_site_name":"Paxos Ville con piscina privata","article_publisher":"https:\/\/www.facebook.com\/VillasMuscalas\/","article_modified_time":"2023-07-29T19:07:15+00:00","og_image":[{"width":1200,"height":800,"url":"https:\/\/muscalasvillaspaxos.com\/app\/uploads\/2023\/07\/corfu-to-paxos-04.webp","type":"image\/webp"}],"twitter_card":"summary_large_image","twitter_misc":{"Tempo di lettura stimato":"2 minutes"},"schema":{"@context":"https:\/\/schema.org","@graph":[{"@type":"WebPage","@id":"https:\/\/muscalasvillaspaxos.com\/it\/guida-turistica-di-paxos\/informazioni-sui-trasporti-di-paxos\/corfu-a-paxos\/","url":"https:\/\/muscalasvillaspaxos.com\/it\/guida-turistica-di-paxos\/informazioni-sui-trasporti-di-paxos\/corfu-a-paxos\/","name":"Corfu a Paxos - Paxos Ville con piscina privata","isPartOf":{"@id":"https:\/\/muscalasvillaspaxos.com\/it\/#website"},"primaryImageOfPage":{"@id":"https:\/\/muscalasvillaspaxos.com\/it\/guida-turistica-di-paxos\/informazioni-sui-trasporti-di-paxos\/corfu-a-paxos\/#primaryimage"},"image":{"@id":"https:\/\/muscalasvillaspaxos.com\/it\/guida-turistica-di-paxos\/informazioni-sui-trasporti-di-paxos\/corfu-a-paxos\/#primaryimage"},"thumbnailUrl":"https:\/\/muscalasvillaspaxos.com\/app\/uploads\/2023\/07\/corfu-to-paxos-04.webp","datePublished":"2023-07-29T12:34:50+00:00","dateModified":"2023-07-29T19:07:15+00:00","description":"Corfu a Paxos. Paxos Ville con Piscina Privata. Ci sono molti modi per spostarsi tra l'isola di Paxos e Corf\u00f9 e viceversa. Dai un'occhiata.","breadcrumb":{"@id":"https:\/\/muscalasvillaspaxos.com\/it\/guida-turistica-di-paxos\/informazioni-sui-trasporti-di-paxos\/corfu-a-paxos\/#breadcrumb"},"inLanguage":"it-IT","potentialAction":[{"@type":"ReadAction","target":["https:\/\/muscalasvillaspaxos.com\/it\/guida-turistica-di-paxos\/informazioni-sui-trasporti-di-paxos\/corfu-a-paxos\/"]}]},{"@type":"ImageObject","inLanguage":"it-IT","@id":"https:\/\/muscalasvillaspaxos.com\/it\/guida-turistica-di-paxos\/informazioni-sui-trasporti-di-paxos\/corfu-a-paxos\/#primaryimage","url":"https:\/\/muscalasvillaspaxos.com\/app\/uploads\/2023\/07\/corfu-to-paxos-04.webp","contentUrl":"https:\/\/muscalasvillaspaxos.com\/app\/uploads\/2023\/07\/corfu-to-paxos-04.webp","width":1200,"height":800,"caption":"Corfu to Paxos"},{"@type":"BreadcrumbList","@id":"https:\/\/muscalasvillaspaxos.com\/it\/guida-turistica-di-paxos\/informazioni-sui-trasporti-di-paxos\/corfu-a-paxos\/#breadcrumb","itemListElement":[{"@type":"ListItem","position":1,"name":"Home","item":"https:\/\/muscalasvillaspaxos.com\/it\/"},{"@type":"ListItem","position":2,"name":"Guida turistica di Paxos","item":"https:\/\/muscalasvillaspaxos.com\/it\/guida-turistica-di-paxos\/"},{"@type":"ListItem","position":3,"name":"Informazioni sui trasporti di Paxos","item":"https:\/\/muscalasvillaspaxos.com\/it\/guida-turistica-di-paxos\/informazioni-sui-trasporti-di-paxos\/"},{"@type":"ListItem","position":4,"name":"Corfu a Paxos"}]},{"@type":"WebSite","@id":"https:\/\/muscalasvillaspaxos.com\/it\/#website","url":"https:\/\/muscalasvillaspaxos.com\/it\/","name":"Paxos Private Pool Villas","description":"Luxury Seaside Muscalas Villas","potentialAction":[{"@type":"SearchAction","target":{"@type":"EntryPoint","urlTemplate":"https:\/\/muscalasvillaspaxos.com\/it\/?s={search_term_string}"},"query-input":{"@type":"PropertyValueSpecification","valueRequired":true,"valueName":"search_term_string"}}],"inLanguage":"it-IT"}]}},"_links":{"self":[{"href":"https:\/\/muscalasvillaspaxos.com\/it\/wp-json\/wp\/v2\/pages\/4325","targetHints":{"allow":["GET"]}}],"collection":[{"href":"https:\/\/muscalasvillaspaxos.com\/it\/wp-json\/wp\/v2\/pages"}],"about":[{"href":"https:\/\/muscalasvillaspaxos.com\/it\/wp-json\/wp\/v2\/types\/page"}],"author":[{"embeddable":true,"href":"https:\/\/muscalasvillaspaxos.com\/it\/wp-json\/wp\/v2\/users\/1"}],"replies":[{"embeddable":true,"href":"https:\/\/muscalasvillaspaxos.com\/it\/wp-json\/wp\/v2\/comments?post=4325"}],"version-history":[{"count":7,"href":"https:\/\/muscalasvillaspaxos.com\/it\/wp-json\/wp\/v2\/pages\/4325\/revisions"}],"predecessor-version":[{"id":4422,"href":"https:\/\/muscalasvillaspaxos.com\/it\/wp-json\/wp\/v2\/pages\/4325\/revisions\/4422"}],"up":[{"embeddable":true,"href":"https:\/\/muscalasvillaspaxos.com\/it\/wp-json\/wp\/v2\/pages\/4312"}],"wp:featuredmedia":[{"embeddable":true,"href":"https:\/\/muscalasvillaspaxos.com\/it\/wp-json\/wp\/v2\/media\/4169"}],"wp:attachment":[{"href":"https:\/\/muscalasvillaspaxos.com\/it\/wp-json\/wp\/v2\/media?parent=4325"}],"curies":[{"name":"wp","href":"https:\/\/api.w.org\/{rel}","templated":true}]}}