{"id":4345,"date":"2023-07-29T16:12:36","date_gmt":"2023-07-29T13:12:36","guid":{"rendered":"https:\/\/muscalasvillaspaxos.com\/?page_id=4345"},"modified":"2023-07-29T22:24:30","modified_gmt":"2023-07-29T19:24:30","slug":"aurelia-mobile-spa","status":"publish","type":"page","link":"https:\/\/muscalasvillaspaxos.com\/it\/servizi-villa-con-piscina-privata\/aurelia-mobile-spa\/","title":{"rendered":"Aurelia Mobile Spa"},"content":{"rendered":"\n<section class=\"mtv_hero_section \">\n  <div class=\"image_wrap\"><img decoding=\"async\" src=\"https:\/\/muscalasvillaspaxos.com\/app\/uploads\/2023\/07\/Aurelia-Mobile-Spa.webp\" srcset=\"https:\/\/muscalasvillaspaxos.com\/app\/uploads\/2023\/07\/Aurelia-Mobile-Spa.webp 1200w, https:\/\/muscalasvillaspaxos.com\/app\/uploads\/2023\/07\/Aurelia-Mobile-Spa-300x200.webp 300w, https:\/\/muscalasvillaspaxos.com\/app\/uploads\/2023\/07\/Aurelia-Mobile-Spa-1024x683.webp 1024w, https:\/\/muscalasvillaspaxos.com\/app\/uploads\/2023\/07\/Aurelia-Mobile-Spa-768x512.webp 768w, https:\/\/muscalasvillaspaxos.com\/app\/uploads\/2023\/07\/Aurelia-Mobile-Spa-600x400.webp 600w, https:\/\/muscalasvillaspaxos.com\/app\/uploads\/2023\/07\/Aurelia-Mobile-Spa-900x600.webp 900w\" style=\"0\" class=\"cover\" \/><\/div>  <div class=\"opacity\"><\/div>\n  \n<div class=\"content_wrap motivar_wrap\">\n      <div class=\"info_container\">\n        <div class=\"title\"><h1>Aurelia Mobile Spa<\/h1>\n          <div class=\"mtv_breadcrumb\"><span><span><a href=\"https:\/\/muscalasvillaspaxos.com\/it\/\">Home<\/a><\/span><\/span><\/div>\n        <\/div>\n        <div class=\"mtv_share\">\n        <\/div>\n      <\/div>\n    <\/div>\n<div class=\"mtv_bottom_row\">\n <div class=\"mtv_bottom_wrap motivar_wrap\">\n  <div class=\"col_left\"><section id=\"block-3\" class=\"widget widget_block\"><p>\n  <div class=\"mtv_social\">\n      <a href=\"https:\/\/www.facebook.com\/VillasMuscalas\/\" target=\"_blank\">\n\t\t\t\t\t\t\t\t<span class=\"mtv_hidden\">social media facebook<\/span>\n\t\t\t\t\t\t\t\t<span class=\"icon fa-brands fa-facebook\"><\/span>\n      <\/a>\n      <a href=\"https:\/\/www.instagram.com\/villasmuscalas\/?hl=en\" target=\"_blank\">\n\t\t\t\t\t\t\t\t<span class=\"mtv_hidden\">social media instagram<\/span>\n\t\t\t\t\t\t\t\t<span class=\"icon fa-brands fa-instagram\"><\/span>\n      <\/a>\n      <a href=\"https:\/\/goo.gl\/maps\/jKEbehtYf1TSpQYu6\" target=\"_blank\">\n\t\t\t\t\t\t\t\t<span class=\"mtv_hidden\">social media google<\/span>\n\t\t\t\t\t\t\t\t<span class=\"icon fa-brands fa-google\"><\/span>\n      <\/a>\n      <a href=\"https:\/\/www.tripadvisor.com\/VacationRentalReview-g1402870-d10759550-Luxury_Private_Pool_Villa_in_Monodendri_Beach_Villas_Muscalas_Petra-Lakka_Paxos_Ioni.html\" target=\"_blank\">\n        <span class=\"icon mtv-icon-tripadvisor\"><\/span>\n      <\/a>\n  <\/div><\/p>\n<\/section>\n  <\/div>\n  <div class=\"col_center\">  <div class=\"icon mtv-icon-scroll-down\" onclick=\"mtv_scroll_to('#main_info', '0')\" style=\"cursor:pointer;\"><\/div>\n  <div class=\"scroll_text\" onclick=\"mtv_scroll_to('#main_info', '0')\" style=\"margin-top:10px; cursor:pointer;\">SCROLL DOWN<\/div>\n\n  <\/div>\n  <div class=\"col_right\">\n   <a href=\"tel:306971894822\" target=\"_blank\">\n    <span class=\"icon mtv-icon-telephone\"><\/span>\n    <span class=\"text\">+30 697 1894 822<\/span>\n   <\/a>\n  <\/div>\n <\/div>\n<\/div><\/section>\n\n\n\n<div class=\"wp-block-columns half_half motivar_wrap mtv_padding omega_info_section is-layout-flex wp-container-core-columns-is-layout-9d6595d7 wp-block-columns-is-layout-flex\" id=\"main_info\">\n<div class=\"wp-block-column is-vertically-aligned-center col_right text_col reveal_text is-layout-flow wp-block-column-is-layout-flow\">\n<p>La nostra missione \u00e8 fornirti un&#8217;esperienza professionale di alta qualit\u00e0 presso il tuo luogo di soggiorno. Abbiamo avuto l&#8217;idea completamente innovativa di creare una comoda Spa Mobile che offre ai nostri clienti la possibilit\u00e0 di godersi massaggi e trattamenti di bellezza ovunque desiderino. I trattamenti sono offerti dal nostro personale estremamente esperto, composto da sette giovani terapisti completamente attrezzati, ognuno dei quali si impegna a fornire i propri servizi per la convenienza del cliente.<\/p>\n\n\n\n<p>Il nostro nome aziendale \u00e8 &#8220;Aurelia Luxury Mobile Spa&#8221;. Siamo una Spa Mobile perfettamente organizzata a Corf\u00f9, che si \u00e8 recentemente espansa anche nell&#8217;isola di Paxos. Il nostro obiettivo principale \u00e8 offrire ai nostri clienti la possibilit\u00e0 di avere trattamenti rilassanti e lussuosi nella comodit\u00e0 delle loro ville, camere d&#8217;albergo o anche delle loro barche noleggiate o personali.<\/p>\n\n\n\n<p>I nostri terapisti utilizzano oli aromatici e prodotti di altissima qualit\u00e0 per rilassare e coccolare i corpi dei nostri clienti, il tutto in uno spazio di tranquillit\u00e0 e relax creato anche con l&#8217;uso di candele e musica soft che aumentano ulteriormente l&#8217;atmosfera lussuosa della zona trattamenti.<\/p>\n\n\n\n    <div class=\"mtv_button\"> <a href=\"https:\/\/muscalasvillaspaxos.com\/it\/contattaci\/\" class=\"solid mtv_barba_prevent\" target=\"_self\">SCORPI DI PIU<\/a><\/div> \n<\/div>\n<\/div>\n\n\n\n<div class=\"wp-block-group mtv_padding motivar_wrap\"><div class=\"wp-block-group__inner-container is-layout-constrained wp-block-group-is-layout-constrained\"><div class=\"mtv_gallery flx-photoswipe\" data-target=\".gallery_item a\">\n    <div class=\"mtv_masonry\" data-target_msnry=\".gallery_item\">\n    \n        <div class=\"gallery_item scrolled_item\">\n          <div class=\"item_wrap\">\n          <a href=\"https:\/\/muscalasvillaspaxos.com\/app\/uploads\/2023\/07\/Aurelia-Mobile-Spa-01.webp\" data-pswp-src=\"https:\/\/muscalasvillaspaxos.com\/app\/uploads\/2023\/07\/Aurelia-Mobile-Spa-01.webp\" data-pswp-width=\"1200\" data-pswp-height=\"800\" data-pswp-srcset=\"https:\/\/muscalasvillaspaxos.com\/app\/uploads\/2023\/07\/Aurelia-Mobile-Spa-01.webp 1200w, https:\/\/muscalasvillaspaxos.com\/app\/uploads\/2023\/07\/Aurelia-Mobile-Spa-01-300x200.webp 300w, https:\/\/muscalasvillaspaxos.com\/app\/uploads\/2023\/07\/Aurelia-Mobile-Spa-01-1024x683.webp 1024w, https:\/\/muscalasvillaspaxos.com\/app\/uploads\/2023\/07\/Aurelia-Mobile-Spa-01-768x512.webp 768w, https:\/\/muscalasvillaspaxos.com\/app\/uploads\/2023\/07\/Aurelia-Mobile-Spa-01-600x400.webp 600w, https:\/\/muscalasvillaspaxos.com\/app\/uploads\/2023\/07\/Aurelia-Mobile-Spa-01-900x600.webp 900w\" target=\"_blank\" class=\"flx-img-wrapper\"><img decoding=\"async\" src=\"https:\/\/muscalasvillaspaxos.com\/app\/uploads\/2023\/07\/Aurelia-Mobile-Spa-01-1024x683.webp\" srcset=\"https:\/\/muscalasvillaspaxos.com\/app\/uploads\/2023\/07\/Aurelia-Mobile-Spa-01-1024x683.webp 1024w, https:\/\/muscalasvillaspaxos.com\/app\/uploads\/2023\/07\/Aurelia-Mobile-Spa-01-300x200.webp 300w, https:\/\/muscalasvillaspaxos.com\/app\/uploads\/2023\/07\/Aurelia-Mobile-Spa-01-768x512.webp 768w, https:\/\/muscalasvillaspaxos.com\/app\/uploads\/2023\/07\/Aurelia-Mobile-Spa-01-600x400.webp 600w, https:\/\/muscalasvillaspaxos.com\/app\/uploads\/2023\/07\/Aurelia-Mobile-Spa-01-900x600.webp 900w, https:\/\/muscalasvillaspaxos.com\/app\/uploads\/2023\/07\/Aurelia-Mobile-Spa-01.webp 1200w\" alt=\"Aurelia Mobile Spa 01\" class=\"photoswipe\" \/><\/a>\n          <\/div>\n        <\/div>\n        <div class=\"gallery_item scrolled_item\">\n          <div class=\"item_wrap\">\n          <a href=\"https:\/\/muscalasvillaspaxos.com\/app\/uploads\/2023\/07\/Aurelia-Mobile-Spa.webp\" data-pswp-src=\"https:\/\/muscalasvillaspaxos.com\/app\/uploads\/2023\/07\/Aurelia-Mobile-Spa.webp\" data-pswp-width=\"1200\" data-pswp-height=\"800\" data-pswp-srcset=\"https:\/\/muscalasvillaspaxos.com\/app\/uploads\/2023\/07\/Aurelia-Mobile-Spa.webp 1200w, https:\/\/muscalasvillaspaxos.com\/app\/uploads\/2023\/07\/Aurelia-Mobile-Spa-300x200.webp 300w, https:\/\/muscalasvillaspaxos.com\/app\/uploads\/2023\/07\/Aurelia-Mobile-Spa-1024x683.webp 1024w, https:\/\/muscalasvillaspaxos.com\/app\/uploads\/2023\/07\/Aurelia-Mobile-Spa-768x512.webp 768w, https:\/\/muscalasvillaspaxos.com\/app\/uploads\/2023\/07\/Aurelia-Mobile-Spa-600x400.webp 600w, https:\/\/muscalasvillaspaxos.com\/app\/uploads\/2023\/07\/Aurelia-Mobile-Spa-900x600.webp 900w\" target=\"_blank\" class=\"flx-img-wrapper\"><img decoding=\"async\" src=\"https:\/\/muscalasvillaspaxos.com\/app\/uploads\/2023\/07\/Aurelia-Mobile-Spa-1024x683.webp\" srcset=\"https:\/\/muscalasvillaspaxos.com\/app\/uploads\/2023\/07\/Aurelia-Mobile-Spa-1024x683.webp 1024w, https:\/\/muscalasvillaspaxos.com\/app\/uploads\/2023\/07\/Aurelia-Mobile-Spa-300x200.webp 300w, https:\/\/muscalasvillaspaxos.com\/app\/uploads\/2023\/07\/Aurelia-Mobile-Spa-768x512.webp 768w, https:\/\/muscalasvillaspaxos.com\/app\/uploads\/2023\/07\/Aurelia-Mobile-Spa-600x400.webp 600w, https:\/\/muscalasvillaspaxos.com\/app\/uploads\/2023\/07\/Aurelia-Mobile-Spa-900x600.webp 900w, https:\/\/muscalasvillaspaxos.com\/app\/uploads\/2023\/07\/Aurelia-Mobile-Spa.webp 1200w\" alt=\"Aurelia Mobile Spa\" class=\"photoswipe\" \/><\/a>\n          <\/div>\n        <\/div>\n        <div class=\"gallery_item scrolled_item\">\n          <div class=\"item_wrap\">\n          <a href=\"https:\/\/muscalasvillaspaxos.com\/app\/uploads\/2023\/07\/Aurelia-Mobile-Spa-02.webp\" data-pswp-src=\"https:\/\/muscalasvillaspaxos.com\/app\/uploads\/2023\/07\/Aurelia-Mobile-Spa-02.webp\" data-pswp-width=\"1200\" data-pswp-height=\"800\" data-pswp-srcset=\"https:\/\/muscalasvillaspaxos.com\/app\/uploads\/2023\/07\/Aurelia-Mobile-Spa-02.webp 1200w, https:\/\/muscalasvillaspaxos.com\/app\/uploads\/2023\/07\/Aurelia-Mobile-Spa-02-300x200.webp 300w, https:\/\/muscalasvillaspaxos.com\/app\/uploads\/2023\/07\/Aurelia-Mobile-Spa-02-1024x683.webp 1024w, https:\/\/muscalasvillaspaxos.com\/app\/uploads\/2023\/07\/Aurelia-Mobile-Spa-02-768x512.webp 768w, https:\/\/muscalasvillaspaxos.com\/app\/uploads\/2023\/07\/Aurelia-Mobile-Spa-02-600x400.webp 600w, https:\/\/muscalasvillaspaxos.com\/app\/uploads\/2023\/07\/Aurelia-Mobile-Spa-02-900x600.webp 900w\" target=\"_blank\" class=\"flx-img-wrapper\"><img decoding=\"async\" src=\"https:\/\/muscalasvillaspaxos.com\/app\/uploads\/2023\/07\/Aurelia-Mobile-Spa-02-1024x683.webp\" srcset=\"https:\/\/muscalasvillaspaxos.com\/app\/uploads\/2023\/07\/Aurelia-Mobile-Spa-02-1024x683.webp 1024w, https:\/\/muscalasvillaspaxos.com\/app\/uploads\/2023\/07\/Aurelia-Mobile-Spa-02-300x200.webp 300w, https:\/\/muscalasvillaspaxos.com\/app\/uploads\/2023\/07\/Aurelia-Mobile-Spa-02-768x512.webp 768w, https:\/\/muscalasvillaspaxos.com\/app\/uploads\/2023\/07\/Aurelia-Mobile-Spa-02-600x400.webp 600w, https:\/\/muscalasvillaspaxos.com\/app\/uploads\/2023\/07\/Aurelia-Mobile-Spa-02-900x600.webp 900w, https:\/\/muscalasvillaspaxos.com\/app\/uploads\/2023\/07\/Aurelia-Mobile-Spa-02.webp 1200w\" alt=\"Aurelia Mobile Spa 02\" class=\"photoswipe\" \/><\/a>\n          <\/div>\n        <\/div>   <\/div>\n   <\/div>\n<\/div><\/div>\n","protected":false},"excerpt":{"rendered":"<p>La nostra missione \u00e8 fornirti un&#8217;esperienza professionale di alta qualit\u00e0 presso il tuo luogo di soggiorno. Abbiamo avuto l&#8217;idea completamente innovativa di creare una comoda Spa Mobile che offre ai nostri clienti la possibilit\u00e0 di godersi massaggi e trattamenti di bellezza ovunque desiderino. I trattamenti sono offerti dal nostro personale estremamente esperto, composto da sette [&hellip;]<\/p>\n","protected":false},"author":1,"featured_media":4221,"parent":4343,"menu_order":0,"comment_status":"closed","ping_status":"closed","template":"","meta":{"footnotes":""},"class_list":["post-4345","page","type-page","status-publish","has-post-thumbnail","hentry"],"yoast_head":"<!-- This site is optimized with the Yoast SEO plugin v27.4 - https:\/\/yoast.com\/product\/yoast-seo-wordpress\/ -->\n<title>Aurelia Mobile Spa - Paxos Ville con piscina privata<\/title>\n<meta name=\"description\" content=\"Aurelia Mobile Spa - Paxos Ville. Offriamo un&#039;esperienza di Spa professionale di alta qualit\u00e0 nel comfort del tuo spazio personale.\" \/>\n<meta name=\"robots\" content=\"index, follow, max-snippet:-1, max-image-preview:large, max-video-preview:-1\" \/>\n<link rel=\"canonical\" href=\"https:\/\/muscalasvillaspaxos.com\/it\/servizi-villa-con-piscina-privata\/aurelia-mobile-spa\/\" \/>\n<meta property=\"og:locale\" content=\"it_IT\" \/>\n<meta property=\"og:type\" content=\"article\" \/>\n<meta property=\"og:title\" content=\"Aurelia Mobile Spa - Paxos Ville con piscina privata\" \/>\n<meta property=\"og:description\" content=\"Aurelia Mobile Spa - Paxos Ville. Offriamo un&#039;esperienza di Spa professionale di alta qualit\u00e0 nel comfort del tuo spazio personale.\" \/>\n<meta property=\"og:url\" content=\"https:\/\/muscalasvillaspaxos.com\/it\/servizi-villa-con-piscina-privata\/aurelia-mobile-spa\/\" \/>\n<meta property=\"og:site_name\" content=\"Paxos Ville con piscina privata\" \/>\n<meta property=\"article:publisher\" content=\"https:\/\/www.facebook.com\/VillasMuscalas\/\" \/>\n<meta property=\"article:modified_time\" content=\"2023-07-29T19:24:30+00:00\" \/>\n<meta property=\"og:image\" content=\"https:\/\/muscalasvillaspaxos.com\/app\/uploads\/2023\/07\/Aurelia-Mobile-Spa.webp\" \/>\n\t<meta property=\"og:image:width\" content=\"1200\" \/>\n\t<meta property=\"og:image:height\" content=\"800\" \/>\n\t<meta property=\"og:image:type\" content=\"image\/webp\" \/>\n<meta name=\"twitter:card\" content=\"summary_large_image\" \/>\n<meta name=\"twitter:label1\" content=\"Tempo di lettura stimato\" \/>\n\t<meta name=\"twitter:data1\" content=\"1 minute\" \/>\n<script type=\"application\/ld+json\" class=\"yoast-schema-graph\">{\"@context\":\"https:\\\/\\\/schema.org\",\"@graph\":[{\"@type\":\"WebPage\",\"@id\":\"https:\\\/\\\/muscalasvillaspaxos.com\\\/it\\\/servizi-villa-con-piscina-privata\\\/aurelia-mobile-spa\\\/\",\"url\":\"https:\\\/\\\/muscalasvillaspaxos.com\\\/it\\\/servizi-villa-con-piscina-privata\\\/aurelia-mobile-spa\\\/\",\"name\":\"Aurelia Mobile Spa - Paxos Ville con piscina privata\",\"isPartOf\":{\"@id\":\"https:\\\/\\\/muscalasvillaspaxos.com\\\/it\\\/#website\"},\"primaryImageOfPage\":{\"@id\":\"https:\\\/\\\/muscalasvillaspaxos.com\\\/it\\\/servizi-villa-con-piscina-privata\\\/aurelia-mobile-spa\\\/#primaryimage\"},\"image\":{\"@id\":\"https:\\\/\\\/muscalasvillaspaxos.com\\\/it\\\/servizi-villa-con-piscina-privata\\\/aurelia-mobile-spa\\\/#primaryimage\"},\"thumbnailUrl\":\"https:\\\/\\\/muscalasvillaspaxos.com\\\/app\\\/uploads\\\/2023\\\/07\\\/Aurelia-Mobile-Spa.webp\",\"datePublished\":\"2023-07-29T13:12:36+00:00\",\"dateModified\":\"2023-07-29T19:24:30+00:00\",\"description\":\"Aurelia Mobile Spa - Paxos Ville. Offriamo un'esperienza di Spa professionale di alta qualit\u00e0 nel comfort del tuo spazio personale.\",\"breadcrumb\":{\"@id\":\"https:\\\/\\\/muscalasvillaspaxos.com\\\/it\\\/servizi-villa-con-piscina-privata\\\/aurelia-mobile-spa\\\/#breadcrumb\"},\"inLanguage\":\"it-IT\",\"potentialAction\":[{\"@type\":\"ReadAction\",\"target\":[\"https:\\\/\\\/muscalasvillaspaxos.com\\\/it\\\/servizi-villa-con-piscina-privata\\\/aurelia-mobile-spa\\\/\"]}]},{\"@type\":\"ImageObject\",\"inLanguage\":\"it-IT\",\"@id\":\"https:\\\/\\\/muscalasvillaspaxos.com\\\/it\\\/servizi-villa-con-piscina-privata\\\/aurelia-mobile-spa\\\/#primaryimage\",\"url\":\"https:\\\/\\\/muscalasvillaspaxos.com\\\/app\\\/uploads\\\/2023\\\/07\\\/Aurelia-Mobile-Spa.webp\",\"contentUrl\":\"https:\\\/\\\/muscalasvillaspaxos.com\\\/app\\\/uploads\\\/2023\\\/07\\\/Aurelia-Mobile-Spa.webp\",\"width\":1200,\"height\":800},{\"@type\":\"BreadcrumbList\",\"@id\":\"https:\\\/\\\/muscalasvillaspaxos.com\\\/it\\\/servizi-villa-con-piscina-privata\\\/aurelia-mobile-spa\\\/#breadcrumb\",\"itemListElement\":[{\"@type\":\"ListItem\",\"position\":1,\"name\":\"Home\",\"item\":\"https:\\\/\\\/muscalasvillaspaxos.com\\\/it\\\/\"},{\"@type\":\"ListItem\",\"position\":2,\"name\":\"Servizi Villa con piscina privata\",\"item\":\"https:\\\/\\\/muscalasvillaspaxos.com\\\/it\\\/servizi-villa-con-piscina-privata\\\/\"},{\"@type\":\"ListItem\",\"position\":3,\"name\":\"Aurelia Mobile Spa\"}]},{\"@type\":\"WebSite\",\"@id\":\"https:\\\/\\\/muscalasvillaspaxos.com\\\/it\\\/#website\",\"url\":\"https:\\\/\\\/muscalasvillaspaxos.com\\\/it\\\/\",\"name\":\"Paxos Private Pool Villas\",\"description\":\"Luxury Seaside Muscalas Villas\",\"potentialAction\":[{\"@type\":\"SearchAction\",\"target\":{\"@type\":\"EntryPoint\",\"urlTemplate\":\"https:\\\/\\\/muscalasvillaspaxos.com\\\/it\\\/?s={search_term_string}\"},\"query-input\":{\"@type\":\"PropertyValueSpecification\",\"valueRequired\":true,\"valueName\":\"search_term_string\"}}],\"inLanguage\":\"it-IT\"}]}<\/script>\n<!-- \/ Yoast SEO plugin. -->","yoast_head_json":{"title":"Aurelia Mobile Spa - Paxos Ville con piscina privata","description":"Aurelia Mobile Spa - Paxos Ville. Offriamo un'esperienza di Spa professionale di alta qualit\u00e0 nel comfort del tuo spazio personale.","robots":{"index":"index","follow":"follow","max-snippet":"max-snippet:-1","max-image-preview":"max-image-preview:large","max-video-preview":"max-video-preview:-1"},"canonical":"https:\/\/muscalasvillaspaxos.com\/it\/servizi-villa-con-piscina-privata\/aurelia-mobile-spa\/","og_locale":"it_IT","og_type":"article","og_title":"Aurelia Mobile Spa - Paxos Ville con piscina privata","og_description":"Aurelia Mobile Spa - Paxos Ville. Offriamo un'esperienza di Spa professionale di alta qualit\u00e0 nel comfort del tuo spazio personale.","og_url":"https:\/\/muscalasvillaspaxos.com\/it\/servizi-villa-con-piscina-privata\/aurelia-mobile-spa\/","og_site_name":"Paxos Ville con piscina privata","article_publisher":"https:\/\/www.facebook.com\/VillasMuscalas\/","article_modified_time":"2023-07-29T19:24:30+00:00","og_image":[{"width":1200,"height":800,"url":"https:\/\/muscalasvillaspaxos.com\/app\/uploads\/2023\/07\/Aurelia-Mobile-Spa.webp","type":"image\/webp"}],"twitter_card":"summary_large_image","twitter_misc":{"Tempo di lettura stimato":"1 minute"},"schema":{"@context":"https:\/\/schema.org","@graph":[{"@type":"WebPage","@id":"https:\/\/muscalasvillaspaxos.com\/it\/servizi-villa-con-piscina-privata\/aurelia-mobile-spa\/","url":"https:\/\/muscalasvillaspaxos.com\/it\/servizi-villa-con-piscina-privata\/aurelia-mobile-spa\/","name":"Aurelia Mobile Spa - Paxos Ville con piscina privata","isPartOf":{"@id":"https:\/\/muscalasvillaspaxos.com\/it\/#website"},"primaryImageOfPage":{"@id":"https:\/\/muscalasvillaspaxos.com\/it\/servizi-villa-con-piscina-privata\/aurelia-mobile-spa\/#primaryimage"},"image":{"@id":"https:\/\/muscalasvillaspaxos.com\/it\/servizi-villa-con-piscina-privata\/aurelia-mobile-spa\/#primaryimage"},"thumbnailUrl":"https:\/\/muscalasvillaspaxos.com\/app\/uploads\/2023\/07\/Aurelia-Mobile-Spa.webp","datePublished":"2023-07-29T13:12:36+00:00","dateModified":"2023-07-29T19:24:30+00:00","description":"Aurelia Mobile Spa - Paxos Ville. Offriamo un'esperienza di Spa professionale di alta qualit\u00e0 nel comfort del tuo spazio personale.","breadcrumb":{"@id":"https:\/\/muscalasvillaspaxos.com\/it\/servizi-villa-con-piscina-privata\/aurelia-mobile-spa\/#breadcrumb"},"inLanguage":"it-IT","potentialAction":[{"@type":"ReadAction","target":["https:\/\/muscalasvillaspaxos.com\/it\/servizi-villa-con-piscina-privata\/aurelia-mobile-spa\/"]}]},{"@type":"ImageObject","inLanguage":"it-IT","@id":"https:\/\/muscalasvillaspaxos.com\/it\/servizi-villa-con-piscina-privata\/aurelia-mobile-spa\/#primaryimage","url":"https:\/\/muscalasvillaspaxos.com\/app\/uploads\/2023\/07\/Aurelia-Mobile-Spa.webp","contentUrl":"https:\/\/muscalasvillaspaxos.com\/app\/uploads\/2023\/07\/Aurelia-Mobile-Spa.webp","width":1200,"height":800},{"@type":"BreadcrumbList","@id":"https:\/\/muscalasvillaspaxos.com\/it\/servizi-villa-con-piscina-privata\/aurelia-mobile-spa\/#breadcrumb","itemListElement":[{"@type":"ListItem","position":1,"name":"Home","item":"https:\/\/muscalasvillaspaxos.com\/it\/"},{"@type":"ListItem","position":2,"name":"Servizi Villa con piscina privata","item":"https:\/\/muscalasvillaspaxos.com\/it\/servizi-villa-con-piscina-privata\/"},{"@type":"ListItem","position":3,"name":"Aurelia Mobile Spa"}]},{"@type":"WebSite","@id":"https:\/\/muscalasvillaspaxos.com\/it\/#website","url":"https:\/\/muscalasvillaspaxos.com\/it\/","name":"Paxos Private Pool Villas","description":"Luxury Seaside Muscalas Villas","potentialAction":[{"@type":"SearchAction","target":{"@type":"EntryPoint","urlTemplate":"https:\/\/muscalasvillaspaxos.com\/it\/?s={search_term_string}"},"query-input":{"@type":"PropertyValueSpecification","valueRequired":true,"valueName":"search_term_string"}}],"inLanguage":"it-IT"}]}},"_links":{"self":[{"href":"https:\/\/muscalasvillaspaxos.com\/it\/wp-json\/wp\/v2\/pages\/4345","targetHints":{"allow":["GET"]}}],"collection":[{"href":"https:\/\/muscalasvillaspaxos.com\/it\/wp-json\/wp\/v2\/pages"}],"about":[{"href":"https:\/\/muscalasvillaspaxos.com\/it\/wp-json\/wp\/v2\/types\/page"}],"author":[{"embeddable":true,"href":"https:\/\/muscalasvillaspaxos.com\/it\/wp-json\/wp\/v2\/users\/1"}],"replies":[{"embeddable":true,"href":"https:\/\/muscalasvillaspaxos.com\/it\/wp-json\/wp\/v2\/comments?post=4345"}],"version-history":[{"count":7,"href":"https:\/\/muscalasvillaspaxos.com\/it\/wp-json\/wp\/v2\/pages\/4345\/revisions"}],"predecessor-version":[{"id":4495,"href":"https:\/\/muscalasvillaspaxos.com\/it\/wp-json\/wp\/v2\/pages\/4345\/revisions\/4495"}],"up":[{"embeddable":true,"href":"https:\/\/muscalasvillaspaxos.com\/it\/wp-json\/wp\/v2\/pages\/4343"}],"wp:featuredmedia":[{"embeddable":true,"href":"https:\/\/muscalasvillaspaxos.com\/it\/wp-json\/wp\/v2\/media\/4221"}],"wp:attachment":[{"href":"https:\/\/muscalasvillaspaxos.com\/it\/wp-json\/wp\/v2\/media?parent=4345"}],"curies":[{"name":"wp","href":"https:\/\/api.w.org\/{rel}","templated":true}]}}